{"id":2664,"date":"2024-03-26T06:55:08","date_gmt":"2024-03-26T05:55:08","guid":{"rendered":"https:\/\/www.voxibot.ai\/mapa-del-sitio\/"},"modified":"2024-06-11T10:46:52","modified_gmt":"2024-06-11T08:46:52","slug":"mapa-del-sitio","status":"publish","type":"page","link":"https:\/\/www.voxibot.ai\/es\/mapa-del-sitio\/","title":{"rendered":"Mapa del sitio"},"content":{"rendered":"\t\t<div data-elementor-type=\"wp-page\" data-elementor-id=\"2664\" class=\"elementor elementor-2664 elementor-2182\" data-elementor-post-type=\"page\">\n\t\t\t\t<div class=\"elementor-element elementor-element-ab949a6 e-flex e-con-boxed e-con e-parent\" data-id=\"ab949a6\" data-element_type=\"container\" data-settings=\"{&quot;background_background&quot;:&quot;classic&quot;}\">\n\t\t\t\t\t<div class=\"e-con-inner\">\n\t\t\t\t\t<\/div>\n\t\t\t\t<\/div>\n\t\t<div class=\"elementor-element elementor-element-a83b209 e-flex e-con-boxed e-con e-parent\" data-id=\"a83b209\" data-element_type=\"container\" data-settings=\"{&quot;background_background&quot;:&quot;classic&quot;}\">\n\t\t\t\t\t<div class=\"e-con-inner\">\n\t\t\t\t<div class=\"elementor-element elementor-element-8f47003 elementor-widget elementor-widget-sitemap\" data-id=\"8f47003\" data-element_type=\"widget\" data-widget_type=\"sitemap.default\">\n\t\t\t\t<div class=\"elementor-widget-container\">\n\t\t\t\t\t<div class=\"elementor-sitemap-wrap\"><div class=\"elementor-sitemap-section\"><h2 class=\"elementor-sitemap-title elementor-sitemap-page-title\">Pages<\/h2><ul class=\"elementor-sitemap-list elementor-sitemap-page-list\"><li class=\"elementor-sitemap-item elementor-sitemap-item-page page_item page-item-2557\"><a href=\"https:\/\/www.voxibot.ai\/es\/\">Home<\/a><\/li><li class=\"elementor-sitemap-item elementor-sitemap-item-page page_item page-item-2647\"><a href=\"https:\/\/www.voxibot.ai\/es\/acerca-de\/\">Acerca de<\/a><ul class='children'><li class=\"elementor-sitemap-item elementor-sitemap-item-page page_item page-item-2659\"><a href=\"https:\/\/www.voxibot.ai\/es\/acerca-de\/unete-a-nosotros\/\">\u00danete a nosotros<\/a><\/li><li class=\"elementor-sitemap-item elementor-sitemap-item-page page_item page-item-2658\"><a href=\"https:\/\/www.voxibot.ai\/es\/acerca-de\/programe-una-demostracion\/\">Programe una demostraci\u00f3n<\/a><\/li><li class=\"elementor-sitemap-item elementor-sitemap-item-page page_item page-item-2657\"><a href=\"https:\/\/www.voxibot.ai\/es\/acerca-de\/nuestros-socios\/\">Nuestros socios<\/a><\/li><li class=\"elementor-sitemap-item elementor-sitemap-item-page page_item page-item-2653\"><a href=\"https:\/\/www.voxibot.ai\/es\/acerca-de\/contacte-con-nosotros\/\">Contacte con nosotros<\/a><\/li><li class=\"elementor-sitemap-item elementor-sitemap-item-page page_item page-item-2651\"><a href=\"https:\/\/www.voxibot.ai\/es\/acerca-de\/quienes-somos\/\">\u00bfQui\u00e9nes somos?<\/a><\/li><li class=\"elementor-sitemap-item elementor-sitemap-item-page page_item page-item-2649\"><a href=\"https:\/\/www.voxibot.ai\/es\/acerca-de\/metodologia-del-proyecto\/\">Metodolog\u00eda del proyecto<\/a><\/li><\/ul><\/li><li class=\"elementor-sitemap-item elementor-sitemap-item-page page_item page-item-2645\"><a href=\"https:\/\/www.voxibot.ai\/es\/preguntas-frecuentes\/\">Preguntas frecuentes<\/a><\/li><li class=\"elementor-sitemap-item elementor-sitemap-item-page page_item page-item-2608\"><a href=\"https:\/\/www.voxibot.ai\/es\/plataforma-de-ia\/\">Plataforma de IA<\/a><ul class='children'><li class=\"elementor-sitemap-item elementor-sitemap-item-page page_item page-item-2643\"><a href=\"https:\/\/www.voxibot.ai\/es\/plataforma-de-ia\/desarrollo-e-integracion\/\">Desarrollo e integraci\u00f3n<\/a><\/li><li class=\"elementor-sitemap-item elementor-sitemap-item-page page_item page-item-2639\"><a href=\"https:\/\/www.voxibot.ai\/es\/plataforma-de-ia\/las-funciones\/\">Las funcionalidades<\/a><\/li><li class=\"elementor-sitemap-item elementor-sitemap-item-page page_item page-item-2637\"><a href=\"https:\/\/www.voxibot.ai\/es\/plataforma-de-ia\/estudio-voxibot\/\">Estudio Voxibot<\/a><\/li><li class=\"elementor-sitemap-item elementor-sitemap-item-page page_item page-item-2612\"><a href=\"https:\/\/www.voxibot.ai\/es\/plataforma-de-ia\/tecnologias-de-ia\/\">Tecnolog\u00edas de IA<\/a><\/li><li class=\"elementor-sitemap-item elementor-sitemap-item-page page_item page-item-2610\"><a href=\"https:\/\/www.voxibot.ai\/es\/plataforma-de-ia\/como-funciona\/\">\u00bfC\u00f3mo funciona?<\/a><\/li><\/ul><\/li><li class=\"elementor-sitemap-item elementor-sitemap-item-page page_item page-item-2592\"><a href=\"https:\/\/www.voxibot.ai\/es\/referencias\/\">Referencias<\/a><\/li><li class=\"elementor-sitemap-item elementor-sitemap-item-page page_item page-item-2567\"><a href=\"https:\/\/www.voxibot.ai\/es\/nuestros-callbots\/\">Nuestros callbots<\/a><ul class='children'><li class=\"elementor-sitemap-item elementor-sitemap-item-page page_item page-item-2590\"><a href=\"https:\/\/www.voxibot.ai\/es\/nuestros-callbots\/nuestro-apoyo\/\">Nuestro apoyo<\/a><\/li><li class=\"elementor-sitemap-item elementor-sitemap-item-page page_item page-item-2588\"><a href=\"https:\/\/www.voxibot.ai\/es\/nuestros-callbots\/contratacion\/\">Contrataci\u00f3n<\/a><\/li><li class=\"elementor-sitemap-item elementor-sitemap-item-page page_item page-item-2577\"><a href=\"https:\/\/www.voxibot.ai\/es\/nuestros-callbots\/calificacion-y-seleccion-de-llamadas\/\">Calificaci\u00f3n y selecci\u00f3n de llamadas<\/a><\/li><li class=\"elementor-sitemap-item elementor-sitemap-item-page page_item page-item-2575\"><a href=\"https:\/\/www.voxibot.ai\/es\/nuestros-callbots\/retail-y-comercio-electronico\/\">Retail y comercio electr\u00f3nico<\/a><\/li><li class=\"elementor-sitemap-item elementor-sitemap-item-page page_item page-item-2573\"><a href=\"https:\/\/www.voxibot.ai\/es\/nuestros-callbots\/atencion-al-cliente\/\">Atenci\u00f3n al cliente<\/a><\/li><li class=\"elementor-sitemap-item elementor-sitemap-item-page page_item page-item-2571\"><a href=\"https:\/\/www.voxibot.ai\/es\/nuestros-callbots\/reservas-y-citas\/\">Reservas y citas<\/a><\/li><li class=\"elementor-sitemap-item elementor-sitemap-item-page page_item page-item-2569\"><a href=\"https:\/\/www.voxibot.ai\/es\/nuestros-callbots\/por-que-un-callbot\/\">\u00bfPor qu\u00e9 un callbot?<\/a><\/li><\/ul><\/li><li class=\"elementor-sitemap-item elementor-sitemap-item-page page_item page-item-2655\"><a href=\"https:\/\/www.voxibot.ai\/es\/informacion-juridica-y-politica-de-privacidad\/\">Informaci\u00f3n jur\u00eddica y pol\u00edtica de privacidad<\/a><\/li><\/ul><\/div><div class=\"elementor-sitemap-section\"><h2 class=\"elementor-sitemap-title elementor-sitemap-success_stories-title\">R\u00e9f\u00e9rences<\/h2><ul class=\"elementor-sitemap-list elementor-sitemap-success_stories-list\"><li class=\"elementor-sitemap-item elementor-sitemap-item-success_stories page_item page-item-2682\"><a href=\"https:\/\/www.voxibot.ai\/es\/success_stories\/bulle-de-linge\/\">Bulle de linge<\/a><\/li><li class=\"elementor-sitemap-item elementor-sitemap-item-success_stories page_item page-item-2683\"><a href=\"https:\/\/www.voxibot.ai\/es\/success_stories\/mgen-solutions\/\">MGEN Solutions<\/a><\/li><li class=\"elementor-sitemap-item elementor-sitemap-item-success_stories page_item page-item-2684\"><a href=\"https:\/\/www.voxibot.ai\/es\/success_stories\/citizen-call\/\">Citizen Call<\/a><\/li><li class=\"elementor-sitemap-item elementor-sitemap-item-success_stories page_item page-item-2685\"><a href=\"https:\/\/www.voxibot.ai\/es\/success_stories\/empresa-de-trabajo-temporal\/\">Empresa de trabajo temporal<\/a><\/li><li class=\"elementor-sitemap-item elementor-sitemap-item-success_stories page_item page-item-2686\"><a href=\"https:\/\/www.voxibot.ai\/es\/success_stories\/enedis\/\">ENEDIS<\/a><\/li><li class=\"elementor-sitemap-item elementor-sitemap-item-success_stories page_item page-item-2687\"><a href=\"https:\/\/www.voxibot.ai\/es\/success_stories\/madeformed\/\">Madeformed<\/a><\/li><li class=\"elementor-sitemap-item elementor-sitemap-item-success_stories page_item page-item-2688\"><a href=\"https:\/\/www.voxibot.ai\/es\/success_stories\/telefonica\/\">Telefonica<\/a><\/li><li class=\"elementor-sitemap-item elementor-sitemap-item-success_stories page_item page-item-2689\"><a href=\"https:\/\/www.voxibot.ai\/es\/success_stories\/atento\/\">Atento<\/a><\/li><\/ul><\/div><\/div>\t\t\t\t<\/div>\n\t\t\t\t<\/div>\n\t\t\t\t\t<\/div>\n\t\t\t\t<\/div>\n\t\t\t\t<\/div>\n\t\t","protected":false},"excerpt":{"rendered":"","protected":false},"author":2,"featured_media":0,"parent":0,"menu_order":0,"comment_status":"closed","ping_status":"closed","template":"elementor_header_footer","meta":{"_acf_changed":false,"footnotes":""},"class_list":["post-2664","page","type-page","status-publish","hentry"],"acf":[],"yoast_head":"<!-- This site is optimized with the Yoast SEO plugin v25.4 - https:\/\/yoast.com\/wordpress\/plugins\/seo\/ -->\n<title>Mapa del sitio - Voxibot<\/title>\n<meta name=\"robots\" content=\"index, follow, max-snippet:-1, max-image-preview:large, max-video-preview:-1\" \/>\n<link rel=\"canonical\" href=\"https:\/\/www.voxibot.ai\/es\/mapa-del-sitio\/\" \/>\n<meta property=\"og:locale\" content=\"es_ES\" \/>\n<meta property=\"og:type\" content=\"article\" \/>\n<meta property=\"og:title\" content=\"Mapa del sitio - Voxibot\" \/>\n<meta property=\"og:url\" content=\"https:\/\/www.voxibot.ai\/es\/mapa-del-sitio\/\" \/>\n<meta property=\"og:site_name\" content=\"Voxibot\" \/>\n<meta property=\"article:modified_time\" content=\"2024-06-11T08:46:52+00:00\" \/>\n<meta name=\"twitter:card\" content=\"summary_large_image\" \/>\n<script type=\"application\/ld+json\" class=\"yoast-schema-graph\">{\"@context\":\"https:\/\/schema.org\",\"@graph\":[{\"@type\":\"WebPage\",\"@id\":\"https:\/\/www.voxibot.ai\/es\/mapa-del-sitio\/\",\"url\":\"https:\/\/www.voxibot.ai\/es\/mapa-del-sitio\/\",\"name\":\"Mapa del sitio - Voxibot\",\"isPartOf\":{\"@id\":\"https:\/\/www.voxibot.ai\/es\/#website\"},\"datePublished\":\"2024-03-26T05:55:08+00:00\",\"dateModified\":\"2024-06-11T08:46:52+00:00\",\"breadcrumb\":{\"@id\":\"https:\/\/www.voxibot.ai\/es\/mapa-del-sitio\/#breadcrumb\"},\"inLanguage\":\"es\",\"potentialAction\":[{\"@type\":\"ReadAction\",\"target\":[\"https:\/\/www.voxibot.ai\/es\/mapa-del-sitio\/\"]}]},{\"@type\":\"BreadcrumbList\",\"@id\":\"https:\/\/www.voxibot.ai\/es\/mapa-del-sitio\/#breadcrumb\",\"itemListElement\":[{\"@type\":\"ListItem\",\"position\":1,\"name\":\"Accueil\",\"item\":\"https:\/\/www.voxibot.ai\/es\/\"},{\"@type\":\"ListItem\",\"position\":2,\"name\":\"Mapa del sitio\"}]},{\"@type\":\"WebSite\",\"@id\":\"https:\/\/www.voxibot.ai\/es\/#website\",\"url\":\"https:\/\/www.voxibot.ai\/es\/\",\"name\":\"Voxibot\",\"description\":\"L&#039;alli\u00e9 vocal de votre service clien tau t\u00e9l\u00e9phone\",\"publisher\":{\"@id\":\"https:\/\/www.voxibot.ai\/es\/#organization\"},\"potentialAction\":[{\"@type\":\"SearchAction\",\"target\":{\"@type\":\"EntryPoint\",\"urlTemplate\":\"https:\/\/www.voxibot.ai\/es\/?s={search_term_string}\"},\"query-input\":{\"@type\":\"PropertyValueSpecification\",\"valueRequired\":true,\"valueName\":\"search_term_string\"}}],\"inLanguage\":\"es\"},{\"@type\":\"Organization\",\"@id\":\"https:\/\/www.voxibot.ai\/es\/#organization\",\"name\":\"Voxibot\",\"url\":\"https:\/\/www.voxibot.ai\/es\/\",\"logo\":{\"@type\":\"ImageObject\",\"inLanguage\":\"es\",\"@id\":\"https:\/\/www.voxibot.ai\/es\/#\/schema\/logo\/image\/\",\"url\":\"https:\/\/www.voxibot.ai\/wp-content\/uploads\/2024\/03\/Voxibot.png\",\"contentUrl\":\"https:\/\/www.voxibot.ai\/wp-content\/uploads\/2024\/03\/Voxibot.png\",\"width\":2646,\"height\":788,\"caption\":\"Voxibot\"},\"image\":{\"@id\":\"https:\/\/www.voxibot.ai\/es\/#\/schema\/logo\/image\/\"},\"sameAs\":[\"https:\/\/www.linkedin.com\/showcase\/voxibot\/\"]}]}<\/script>\n<!-- \/ Yoast SEO plugin. -->","yoast_head_json":{"title":"Mapa del sitio - Voxibot","robots":{"index":"index","follow":"follow","max-snippet":"max-snippet:-1","max-image-preview":"max-image-preview:large","max-video-preview":"max-video-preview:-1"},"canonical":"https:\/\/www.voxibot.ai\/es\/mapa-del-sitio\/","og_locale":"es_ES","og_type":"article","og_title":"Mapa del sitio - Voxibot","og_url":"https:\/\/www.voxibot.ai\/es\/mapa-del-sitio\/","og_site_name":"Voxibot","article_modified_time":"2024-06-11T08:46:52+00:00","twitter_card":"summary_large_image","schema":{"@context":"https:\/\/schema.org","@graph":[{"@type":"WebPage","@id":"https:\/\/www.voxibot.ai\/es\/mapa-del-sitio\/","url":"https:\/\/www.voxibot.ai\/es\/mapa-del-sitio\/","name":"Mapa del sitio - Voxibot","isPartOf":{"@id":"https:\/\/www.voxibot.ai\/es\/#website"},"datePublished":"2024-03-26T05:55:08+00:00","dateModified":"2024-06-11T08:46:52+00:00","breadcrumb":{"@id":"https:\/\/www.voxibot.ai\/es\/mapa-del-sitio\/#breadcrumb"},"inLanguage":"es","potentialAction":[{"@type":"ReadAction","target":["https:\/\/www.voxibot.ai\/es\/mapa-del-sitio\/"]}]},{"@type":"BreadcrumbList","@id":"https:\/\/www.voxibot.ai\/es\/mapa-del-sitio\/#breadcrumb","itemListElement":[{"@type":"ListItem","position":1,"name":"Accueil","item":"https:\/\/www.voxibot.ai\/es\/"},{"@type":"ListItem","position":2,"name":"Mapa del sitio"}]},{"@type":"WebSite","@id":"https:\/\/www.voxibot.ai\/es\/#website","url":"https:\/\/www.voxibot.ai\/es\/","name":"Voxibot","description":"L&#039;alli\u00e9 vocal de votre service clien tau t\u00e9l\u00e9phone","publisher":{"@id":"https:\/\/www.voxibot.ai\/es\/#organization"},"potentialAction":[{"@type":"SearchAction","target":{"@type":"EntryPoint","urlTemplate":"https:\/\/www.voxibot.ai\/es\/?s={search_term_string}"},"query-input":{"@type":"PropertyValueSpecification","valueRequired":true,"valueName":"search_term_string"}}],"inLanguage":"es"},{"@type":"Organization","@id":"https:\/\/www.voxibot.ai\/es\/#organization","name":"Voxibot","url":"https:\/\/www.voxibot.ai\/es\/","logo":{"@type":"ImageObject","inLanguage":"es","@id":"https:\/\/www.voxibot.ai\/es\/#\/schema\/logo\/image\/","url":"https:\/\/www.voxibot.ai\/wp-content\/uploads\/2024\/03\/Voxibot.png","contentUrl":"https:\/\/www.voxibot.ai\/wp-content\/uploads\/2024\/03\/Voxibot.png","width":2646,"height":788,"caption":"Voxibot"},"image":{"@id":"https:\/\/www.voxibot.ai\/es\/#\/schema\/logo\/image\/"},"sameAs":["https:\/\/www.linkedin.com\/showcase\/voxibot\/"]}]}},"_links":{"self":[{"href":"https:\/\/www.voxibot.ai\/es\/wp-json\/wp\/v2\/pages\/2664","targetHints":{"allow":["GET"]}}],"collection":[{"href":"https:\/\/www.voxibot.ai\/es\/wp-json\/wp\/v2\/pages"}],"about":[{"href":"https:\/\/www.voxibot.ai\/es\/wp-json\/wp\/v2\/types\/page"}],"author":[{"embeddable":true,"href":"https:\/\/www.voxibot.ai\/es\/wp-json\/wp\/v2\/users\/2"}],"replies":[{"embeddable":true,"href":"https:\/\/www.voxibot.ai\/es\/wp-json\/wp\/v2\/comments?post=2664"}],"version-history":[{"count":1,"href":"https:\/\/www.voxibot.ai\/es\/wp-json\/wp\/v2\/pages\/2664\/revisions"}],"predecessor-version":[{"id":2665,"href":"https:\/\/www.voxibot.ai\/es\/wp-json\/wp\/v2\/pages\/2664\/revisions\/2665"}],"wp:attachment":[{"href":"https:\/\/www.voxibot.ai\/es\/wp-json\/wp\/v2\/media?parent=2664"}],"curies":[{"name":"wp","href":"https:\/\/api.w.org\/{rel}","templated":true}]}}