{"id":2658,"date":"2024-03-07T08:48:54","date_gmt":"2024-03-07T07:48:54","guid":{"rendered":"https:\/\/www.voxibot.ai\/acerca-de\/programe-una-demostracion\/"},"modified":"2024-03-07T08:48:54","modified_gmt":"2024-03-07T07:48:54","slug":"programe-una-demostracion","status":"publish","type":"page","link":"https:\/\/www.voxibot.ai\/es\/acerca-de\/programe-una-demostracion\/","title":{"rendered":"Programe una demostraci\u00f3n"},"content":{"rendered":"","protected":false},"excerpt":{"rendered":"","protected":false},"author":2,"featured_media":0,"parent":2647,"menu_order":0,"comment_status":"closed","ping_status":"closed","template":"","meta":{"_acf_changed":false,"footnotes":""},"class_list":["post-2658","page","type-page","status-publish","hentry"],"acf":[],"yoast_head":"<!-- This site is optimized with the Yoast SEO plugin v25.4 - https:\/\/yoast.com\/wordpress\/plugins\/seo\/ -->\n<title>Programe una demostraci\u00f3n - Voxibot<\/title>\n<meta name=\"robots\" content=\"index, follow, max-snippet:-1, max-image-preview:large, max-video-preview:-1\" \/>\n<link rel=\"canonical\" href=\"https:\/\/www.voxibot.ai\/es\/acerca-de\/programe-una-demostracion\/\" \/>\n<meta property=\"og:locale\" content=\"es_ES\" \/>\n<meta property=\"og:type\" content=\"article\" \/>\n<meta property=\"og:title\" content=\"Programe una demostraci\u00f3n - Voxibot\" \/>\n<meta property=\"og:url\" content=\"https:\/\/www.voxibot.ai\/es\/acerca-de\/programe-una-demostracion\/\" \/>\n<meta property=\"og:site_name\" content=\"Voxibot\" \/>\n<meta name=\"twitter:card\" content=\"summary_large_image\" \/>\n<script type=\"application\/ld+json\" class=\"yoast-schema-graph\">{\"@context\":\"https:\/\/schema.org\",\"@graph\":[{\"@type\":\"WebPage\",\"@id\":\"https:\/\/www.voxibot.ai\/es\/acerca-de\/programe-una-demostracion\/\",\"url\":\"https:\/\/www.voxibot.ai\/es\/acerca-de\/programe-una-demostracion\/\",\"name\":\"Programe una demostraci\u00f3n - Voxibot\",\"isPartOf\":{\"@id\":\"https:\/\/www.voxibot.ai\/es\/#website\"},\"datePublished\":\"2024-03-07T07:48:54+00:00\",\"breadcrumb\":{\"@id\":\"https:\/\/www.voxibot.ai\/es\/acerca-de\/programe-una-demostracion\/#breadcrumb\"},\"inLanguage\":\"es\",\"potentialAction\":[{\"@type\":\"ReadAction\",\"target\":[\"https:\/\/www.voxibot.ai\/es\/acerca-de\/programe-una-demostracion\/\"]}]},{\"@type\":\"BreadcrumbList\",\"@id\":\"https:\/\/www.voxibot.ai\/es\/acerca-de\/programe-una-demostracion\/#breadcrumb\",\"itemListElement\":[{\"@type\":\"ListItem\",\"position\":1,\"name\":\"Accueil\",\"item\":\"https:\/\/www.voxibot.ai\/es\/\"},{\"@type\":\"ListItem\",\"position\":2,\"name\":\"Acerca de\",\"item\":\"https:\/\/www.voxibot.ai\/es\/acerca-de\/\"},{\"@type\":\"ListItem\",\"position\":3,\"name\":\"Programe una demostraci\u00f3n\"}]},{\"@type\":\"WebSite\",\"@id\":\"https:\/\/www.voxibot.ai\/es\/#website\",\"url\":\"https:\/\/www.voxibot.ai\/es\/\",\"name\":\"Voxibot\",\"description\":\"L&#039;alli\u00e9 vocal de votre service clien tau t\u00e9l\u00e9phone\",\"publisher\":{\"@id\":\"https:\/\/www.voxibot.ai\/es\/#organization\"},\"potentialAction\":[{\"@type\":\"SearchAction\",\"target\":{\"@type\":\"EntryPoint\",\"urlTemplate\":\"https:\/\/www.voxibot.ai\/es\/?s={search_term_string}\"},\"query-input\":{\"@type\":\"PropertyValueSpecification\",\"valueRequired\":true,\"valueName\":\"search_term_string\"}}],\"inLanguage\":\"es\"},{\"@type\":\"Organization\",\"@id\":\"https:\/\/www.voxibot.ai\/es\/#organization\",\"name\":\"Voxibot\",\"url\":\"https:\/\/www.voxibot.ai\/es\/\",\"logo\":{\"@type\":\"ImageObject\",\"inLanguage\":\"es\",\"@id\":\"https:\/\/www.voxibot.ai\/es\/#\/schema\/logo\/image\/\",\"url\":\"https:\/\/www.voxibot.ai\/wp-content\/uploads\/2024\/03\/Voxibot.png\",\"contentUrl\":\"https:\/\/www.voxibot.ai\/wp-content\/uploads\/2024\/03\/Voxibot.png\",\"width\":2646,\"height\":788,\"caption\":\"Voxibot\"},\"image\":{\"@id\":\"https:\/\/www.voxibot.ai\/es\/#\/schema\/logo\/image\/\"},\"sameAs\":[\"https:\/\/www.linkedin.com\/showcase\/voxibot\/\"]}]}<\/script>\n<!-- \/ Yoast SEO plugin. -->","yoast_head_json":{"title":"Programe una demostraci\u00f3n - Voxibot","robots":{"index":"index","follow":"follow","max-snippet":"max-snippet:-1","max-image-preview":"max-image-preview:large","max-video-preview":"max-video-preview:-1"},"canonical":"https:\/\/www.voxibot.ai\/es\/acerca-de\/programe-una-demostracion\/","og_locale":"es_ES","og_type":"article","og_title":"Programe una demostraci\u00f3n - Voxibot","og_url":"https:\/\/www.voxibot.ai\/es\/acerca-de\/programe-una-demostracion\/","og_site_name":"Voxibot","twitter_card":"summary_large_image","schema":{"@context":"https:\/\/schema.org","@graph":[{"@type":"WebPage","@id":"https:\/\/www.voxibot.ai\/es\/acerca-de\/programe-una-demostracion\/","url":"https:\/\/www.voxibot.ai\/es\/acerca-de\/programe-una-demostracion\/","name":"Programe una demostraci\u00f3n - Voxibot","isPartOf":{"@id":"https:\/\/www.voxibot.ai\/es\/#website"},"datePublished":"2024-03-07T07:48:54+00:00","breadcrumb":{"@id":"https:\/\/www.voxibot.ai\/es\/acerca-de\/programe-una-demostracion\/#breadcrumb"},"inLanguage":"es","potentialAction":[{"@type":"ReadAction","target":["https:\/\/www.voxibot.ai\/es\/acerca-de\/programe-una-demostracion\/"]}]},{"@type":"BreadcrumbList","@id":"https:\/\/www.voxibot.ai\/es\/acerca-de\/programe-una-demostracion\/#breadcrumb","itemListElement":[{"@type":"ListItem","position":1,"name":"Accueil","item":"https:\/\/www.voxibot.ai\/es\/"},{"@type":"ListItem","position":2,"name":"Acerca de","item":"https:\/\/www.voxibot.ai\/es\/acerca-de\/"},{"@type":"ListItem","position":3,"name":"Programe una demostraci\u00f3n"}]},{"@type":"WebSite","@id":"https:\/\/www.voxibot.ai\/es\/#website","url":"https:\/\/www.voxibot.ai\/es\/","name":"Voxibot","description":"L&#039;alli\u00e9 vocal de votre service clien tau t\u00e9l\u00e9phone","publisher":{"@id":"https:\/\/www.voxibot.ai\/es\/#organization"},"potentialAction":[{"@type":"SearchAction","target":{"@type":"EntryPoint","urlTemplate":"https:\/\/www.voxibot.ai\/es\/?s={search_term_string}"},"query-input":{"@type":"PropertyValueSpecification","valueRequired":true,"valueName":"search_term_string"}}],"inLanguage":"es"},{"@type":"Organization","@id":"https:\/\/www.voxibot.ai\/es\/#organization","name":"Voxibot","url":"https:\/\/www.voxibot.ai\/es\/","logo":{"@type":"ImageObject","inLanguage":"es","@id":"https:\/\/www.voxibot.ai\/es\/#\/schema\/logo\/image\/","url":"https:\/\/www.voxibot.ai\/wp-content\/uploads\/2024\/03\/Voxibot.png","contentUrl":"https:\/\/www.voxibot.ai\/wp-content\/uploads\/2024\/03\/Voxibot.png","width":2646,"height":788,"caption":"Voxibot"},"image":{"@id":"https:\/\/www.voxibot.ai\/es\/#\/schema\/logo\/image\/"},"sameAs":["https:\/\/www.linkedin.com\/showcase\/voxibot\/"]}]}},"_links":{"self":[{"href":"https:\/\/www.voxibot.ai\/es\/wp-json\/wp\/v2\/pages\/2658","targetHints":{"allow":["GET"]}}],"collection":[{"href":"https:\/\/www.voxibot.ai\/es\/wp-json\/wp\/v2\/pages"}],"about":[{"href":"https:\/\/www.voxibot.ai\/es\/wp-json\/wp\/v2\/types\/page"}],"author":[{"embeddable":true,"href":"https:\/\/www.voxibot.ai\/es\/wp-json\/wp\/v2\/users\/2"}],"replies":[{"embeddable":true,"href":"https:\/\/www.voxibot.ai\/es\/wp-json\/wp\/v2\/comments?post=2658"}],"version-history":[{"count":0,"href":"https:\/\/www.voxibot.ai\/es\/wp-json\/wp\/v2\/pages\/2658\/revisions"}],"up":[{"embeddable":true,"href":"https:\/\/www.voxibot.ai\/es\/wp-json\/wp\/v2\/pages\/2647"}],"wp:attachment":[{"href":"https:\/\/www.voxibot.ai\/es\/wp-json\/wp\/v2\/media?parent=2658"}],"curies":[{"name":"wp","href":"https:\/\/api.w.org\/{rel}","templated":true}]}}