{"id":2653,"date":"2024-03-07T08:48:54","date_gmt":"2024-03-07T07:48:54","guid":{"rendered":"https:\/\/www.voxibot.ai\/acerca-de\/contacte-con-nosotros\/"},"modified":"2024-06-14T12:14:41","modified_gmt":"2024-06-14T10:14:41","slug":"contacte-con-nosotros","status":"publish","type":"page","link":"https:\/\/www.voxibot.ai\/es\/acerca-de\/contacte-con-nosotros\/","title":{"rendered":"Contacte con nosotros"},"content":{"rendered":"\t\t<div data-elementor-type=\"wp-page\" data-elementor-id=\"2653\" class=\"elementor elementor-2653 elementor-53\" data-elementor-post-type=\"page\">\n\t\t\t\t<div class=\"elementor-element elementor-element-728107e e-flex e-con-boxed e-con e-parent\" data-id=\"728107e\" data-element_type=\"container\" data-settings=\"{&quot;background_background&quot;:&quot;classic&quot;}\">\n\t\t\t\t\t<div class=\"e-con-inner\">\n\t\t\t\t<div class=\"elementor-element elementor-element-2e291df elementor-widget elementor-widget-heading\" data-id=\"2e291df\" data-element_type=\"widget\" data-widget_type=\"heading.default\">\n\t\t\t\t<div class=\"elementor-widget-container\">\n\t\t\t\t\t<h2 class=\"elementor-heading-title elementor-size-default\">\u00bfTiene alguna pregunta?<\/h2>\t\t\t\t<\/div>\n\t\t\t\t<\/div>\n\t\t\t\t<div class=\"elementor-element elementor-element-11ba5f7 elementor-widget elementor-widget-text-editor\" data-id=\"11ba5f7\" data-element_type=\"widget\" data-widget_type=\"text-editor.default\">\n\t\t\t\t<div class=\"elementor-widget-container\">\n\t\t\t\t\t\t\t\t\t<p>Estaremos encantados de hablar de sus proyectos, crear una soluci\u00f3n que responda a sus necesidades reales y compartir ideas innovadoras.<\/p>\n\t\t\t\t\t\t\t\t<\/div>\n\t\t\t\t<\/div>\n\t\t\t\t\t<\/div>\n\t\t\t\t<\/div>\n\t\t<div class=\"elementor-element elementor-element-928b1e7 e-flex e-con-boxed e-con e-parent\" data-id=\"928b1e7\" data-element_type=\"container\" data-settings=\"{&quot;background_background&quot;:&quot;classic&quot;}\">\n\t\t\t\t\t<div class=\"e-con-inner\">\n\t\t<div class=\"elementor-element elementor-element-ebc318c e-flex e-con-boxed e-con e-child\" data-id=\"ebc318c\" data-element_type=\"container\">\n\t\t\t\t\t<div class=\"e-con-inner\">\n\t\t\t\t<div class=\"elementor-element elementor-element-15e5a09 elementor-button-align-start elementor-widget elementor-widget-form\" data-id=\"15e5a09\" data-element_type=\"widget\" data-settings=\"{&quot;step_next_label&quot;:&quot;Suivant&quot;,&quot;step_previous_label&quot;:&quot;Pr\\u00e9c\\u00e9dent&quot;,&quot;button_width&quot;:&quot;100&quot;,&quot;step_type&quot;:&quot;number_text&quot;,&quot;step_icon_shape&quot;:&quot;circle&quot;}\" data-widget_type=\"form.default\">\n\t\t\t\t<div class=\"elementor-widget-container\">\n\t\t\t\t\t\t\t<form class=\"elementor-form\" method=\"post\" name=\"Solicitar una demostraci\u00f3n\" aria-label=\"Solicitar una demostraci\u00f3n\">\n\t\t\t<input type=\"hidden\" name=\"post_id\" value=\"2653\"\/>\n\t\t\t<input type=\"hidden\" name=\"form_id\" value=\"15e5a09\"\/>\n\t\t\t<input type=\"hidden\" name=\"referer_title\" value=\"Voxibot\" \/>\n\n\t\t\t\n\t\t\t<div class=\"elementor-form-fields-wrapper elementor-labels-\">\n\t\t\t\t\t\t\t\t<div class=\"elementor-field-type-text elementor-field-group elementor-column elementor-field-group-prenom elementor-col-50\">\n\t\t\t\t\t\t\t\t\t\t\t\t<label for=\"form-field-prenom\" class=\"elementor-field-label elementor-screen-only\">\n\t\t\t\t\t\t\t\tNombre\t\t\t\t\t\t\t<\/label>\n\t\t\t\t\t\t\t\t\t\t\t\t\t\t<input size=\"1\" type=\"text\" name=\"form_fields[prenom]\" id=\"form-field-prenom\" class=\"elementor-field elementor-size-sm  elementor-field-textual\" placeholder=\"Nombre\">\n\t\t\t\t\t\t\t\t\t\t\t<\/div>\n\t\t\t\t\t\t\t\t<div class=\"elementor-field-type-text elementor-field-group elementor-column elementor-field-group-nom elementor-col-50\">\n\t\t\t\t\t\t\t\t\t\t\t\t<label for=\"form-field-nom\" class=\"elementor-field-label elementor-screen-only\">\n\t\t\t\t\t\t\t\tApellido\t\t\t\t\t\t\t<\/label>\n\t\t\t\t\t\t\t\t\t\t\t\t\t\t<input size=\"1\" type=\"text\" name=\"form_fields[nom]\" id=\"form-field-nom\" class=\"elementor-field elementor-size-sm  elementor-field-textual\" placeholder=\"Apellido\">\n\t\t\t\t\t\t\t\t\t\t\t<\/div>\n\t\t\t\t\t\t\t\t<div class=\"elementor-field-type-tel elementor-field-group elementor-column elementor-field-group-telephone elementor-col-100 elementor-field-required\">\n\t\t\t\t\t\t\t\t\t\t\t\t<label for=\"form-field-telephone\" class=\"elementor-field-label elementor-screen-only\">\n\t\t\t\t\t\t\t\tTel\u00e9fono\t\t\t\t\t\t\t<\/label>\n\t\t\t\t\t\t\t\t<input size=\"1\" type=\"tel\" name=\"form_fields[telephone]\" id=\"form-field-telephone\" class=\"elementor-field elementor-size-sm  elementor-field-textual\" placeholder=\"Tel\u00e9fono\" required=\"required\" pattern=\"[0-9()#&amp;+*-=.]+\" title=\"Solo se aceptan n\u00fameros y caracteres de tel\u00e9fono (#,-,*,etc).\">\n\n\t\t\t\t\t\t<\/div>\n\t\t\t\t\t\t\t\t<div class=\"elementor-field-type-email elementor-field-group elementor-column elementor-field-group-field_bdf13d9 elementor-col-100 elementor-field-required\">\n\t\t\t\t\t\t\t\t\t\t\t\t<label for=\"form-field-field_bdf13d9\" class=\"elementor-field-label elementor-screen-only\">\n\t\t\t\t\t\t\t\tCorreo electr\u00f3nico\t\t\t\t\t\t\t<\/label>\n\t\t\t\t\t\t\t\t\t\t\t\t\t\t<input size=\"1\" type=\"email\" name=\"form_fields[field_bdf13d9]\" id=\"form-field-field_bdf13d9\" class=\"elementor-field elementor-size-sm  elementor-field-textual\" placeholder=\"Correo electr\u00f3nico\" required=\"required\">\n\t\t\t\t\t\t\t\t\t\t\t<\/div>\n\t\t\t\t\t\t\t\t<div class=\"elementor-field-type-textarea elementor-field-group elementor-column elementor-field-group-message elementor-col-100\">\n\t\t\t\t\t\t\t\t\t\t\t\t<label for=\"form-field-message\" class=\"elementor-field-label elementor-screen-only\">\n\t\t\t\t\t\t\t\tMensaje\t\t\t\t\t\t\t<\/label>\n\t\t\t\t\t\t<textarea class=\"elementor-field-textual elementor-field  elementor-size-sm\" name=\"form_fields[message]\" id=\"form-field-message\" rows=\"10\" placeholder=\"Mensaje\"><\/textarea>\t\t\t\t<\/div>\n\t\t\t\t\t\t\t\t<div class=\"elementor-field-type-recaptcha_v3 elementor-field-group elementor-column elementor-field-group-field_80e79b3 elementor-col-100 recaptcha_v3-bottomright\">\n\t\t\t\t\t<div class=\"elementor-field\" id=\"form-field-field_80e79b3\"><div class=\"elementor-g-recaptcha\" data-sitekey=\"6Lc0qK4pAAAAAMZcdcBZ-N3hfBrYFcATL1f9QJ0g\" data-type=\"v3\" data-action=\"Form\" data-badge=\"bottomright\" data-size=\"invisible\"><\/div><\/div>\t\t\t\t<\/div>\n\t\t\t\t\t\t\t\t<div class=\"elementor-field-group elementor-column elementor-field-type-submit elementor-col-100 e-form__buttons\">\n\t\t\t\t\t<button class=\"elementor-button elementor-size-sm\" type=\"submit\">\n\t\t\t\t\t\t<span class=\"elementor-button-content-wrapper\">\n\t\t\t\t\t\t\t\t\t\t\t\t\t\t\t<span class=\"elementor-button-icon\">\n\t\t\t\t\t\t\t\t\t<svg aria-hidden=\"true\" class=\"e-font-icon-svg e-fas-check\" viewBox=\"0 0 512 512\" xmlns=\"http:\/\/www.w3.org\/2000\/svg\"><path d=\"M173.898 439.404l-166.4-166.4c-9.997-9.997-9.997-26.206 0-36.204l36.203-36.204c9.997-9.998 26.207-9.998 36.204 0L192 312.69 432.095 72.596c9.997-9.997 26.207-9.997 36.204 0l36.203 36.204c9.997 9.997 9.997 26.206 0 36.204l-294.4 294.401c-9.998 9.997-26.207 9.997-36.204-.001z\"><\/path><\/svg>\t\t\t\t\t\t\t\t\t\t\t\t\t\t\t\t\t<\/span>\n\t\t\t\t\t\t\t\t\t\t\t\t\t\t\t\t\t\t\t\t\t\t<span class=\"elementor-button-text\">Enviar<\/span>\n\t\t\t\t\t\t\t\t\t\t\t\t\t<\/span>\n\t\t\t\t\t<\/button>\n\t\t\t\t<\/div>\n\t\t\t<\/div>\n\t\t<\/form>\n\t\t\t\t\t\t<\/div>\n\t\t\t\t<\/div>\n\t\t\t\t\t<\/div>\n\t\t\t\t<\/div>\n\t\t<div class=\"elementor-element elementor-element-e2af29a e-con-full e-flex e-con e-child\" data-id=\"e2af29a\" data-element_type=\"container\" data-settings=\"{&quot;background_background&quot;:&quot;classic&quot;}\">\n\t\t\t\t<\/div>\n\t\t\t\t\t<\/div>\n\t\t\t\t<\/div>\n\t\t\t\t<\/div>\n\t\t","protected":false},"excerpt":{"rendered":"<p>\u00bfTiene alguna pregunta? Estaremos encantados de hablar de sus proyectos, crear una soluci\u00f3n que responda a sus necesidades reales y compartir ideas innovadoras.<\/p>\n","protected":false},"author":2,"featured_media":0,"parent":2647,"menu_order":0,"comment_status":"closed","ping_status":"closed","template":"elementor_header_footer","meta":{"_acf_changed":false,"footnotes":""},"class_list":["post-2653","page","type-page","status-publish","hentry"],"acf":[],"yoast_head":"<!-- This site is optimized with the Yoast SEO plugin v25.4 - https:\/\/yoast.com\/wordpress\/plugins\/seo\/ -->\n<title>Contacte con nosotros - Voxibot<\/title>\n<meta name=\"description\" content=\"Estaremos encantados de hablar con usted sobre sus proyectos y trabajar con usted para crear una soluci\u00f3n que satisfaga sus necesidades.\" \/>\n<meta name=\"robots\" content=\"index, follow, max-snippet:-1, max-image-preview:large, max-video-preview:-1\" \/>\n<link rel=\"canonical\" href=\"https:\/\/www.voxibot.ai\/es\/acerca-de\/contacte-con-nosotros\/\" \/>\n<meta property=\"og:locale\" content=\"es_ES\" \/>\n<meta property=\"og:type\" content=\"article\" \/>\n<meta property=\"og:title\" content=\"Contacte con nosotros - Voxibot\" \/>\n<meta property=\"og:description\" content=\"Estaremos encantados de hablar con usted sobre sus proyectos y trabajar con usted para crear una soluci\u00f3n que satisfaga sus necesidades.\" \/>\n<meta property=\"og:url\" content=\"https:\/\/www.voxibot.ai\/es\/acerca-de\/contacte-con-nosotros\/\" \/>\n<meta property=\"og:site_name\" content=\"Voxibot\" \/>\n<meta property=\"article:modified_time\" content=\"2024-06-14T10:14:41+00:00\" \/>\n<meta name=\"twitter:card\" content=\"summary_large_image\" \/>\n<script type=\"application\/ld+json\" class=\"yoast-schema-graph\">{\"@context\":\"https:\/\/schema.org\",\"@graph\":[{\"@type\":\"WebPage\",\"@id\":\"https:\/\/www.voxibot.ai\/es\/acerca-de\/contacte-con-nosotros\/\",\"url\":\"https:\/\/www.voxibot.ai\/es\/acerca-de\/contacte-con-nosotros\/\",\"name\":\"Contacte con nosotros - Voxibot\",\"isPartOf\":{\"@id\":\"https:\/\/www.voxibot.ai\/es\/#website\"},\"datePublished\":\"2024-03-07T07:48:54+00:00\",\"dateModified\":\"2024-06-14T10:14:41+00:00\",\"description\":\"Estaremos encantados de hablar con usted sobre sus proyectos y trabajar con usted para crear una soluci\u00f3n que satisfaga sus necesidades.\",\"breadcrumb\":{\"@id\":\"https:\/\/www.voxibot.ai\/es\/acerca-de\/contacte-con-nosotros\/#breadcrumb\"},\"inLanguage\":\"es\",\"potentialAction\":[{\"@type\":\"ReadAction\",\"target\":[\"https:\/\/www.voxibot.ai\/es\/acerca-de\/contacte-con-nosotros\/\"]}]},{\"@type\":\"BreadcrumbList\",\"@id\":\"https:\/\/www.voxibot.ai\/es\/acerca-de\/contacte-con-nosotros\/#breadcrumb\",\"itemListElement\":[{\"@type\":\"ListItem\",\"position\":1,\"name\":\"Accueil\",\"item\":\"https:\/\/www.voxibot.ai\/es\/\"},{\"@type\":\"ListItem\",\"position\":2,\"name\":\"Acerca de\",\"item\":\"https:\/\/www.voxibot.ai\/es\/acerca-de\/\"},{\"@type\":\"ListItem\",\"position\":3,\"name\":\"Contacte con nosotros\"}]},{\"@type\":\"WebSite\",\"@id\":\"https:\/\/www.voxibot.ai\/es\/#website\",\"url\":\"https:\/\/www.voxibot.ai\/es\/\",\"name\":\"Voxibot\",\"description\":\"L&#039;alli\u00e9 vocal de votre service clien tau t\u00e9l\u00e9phone\",\"publisher\":{\"@id\":\"https:\/\/www.voxibot.ai\/es\/#organization\"},\"potentialAction\":[{\"@type\":\"SearchAction\",\"target\":{\"@type\":\"EntryPoint\",\"urlTemplate\":\"https:\/\/www.voxibot.ai\/es\/?s={search_term_string}\"},\"query-input\":{\"@type\":\"PropertyValueSpecification\",\"valueRequired\":true,\"valueName\":\"search_term_string\"}}],\"inLanguage\":\"es\"},{\"@type\":\"Organization\",\"@id\":\"https:\/\/www.voxibot.ai\/es\/#organization\",\"name\":\"Voxibot\",\"url\":\"https:\/\/www.voxibot.ai\/es\/\",\"logo\":{\"@type\":\"ImageObject\",\"inLanguage\":\"es\",\"@id\":\"https:\/\/www.voxibot.ai\/es\/#\/schema\/logo\/image\/\",\"url\":\"https:\/\/www.voxibot.ai\/wp-content\/uploads\/2024\/03\/Voxibot.png\",\"contentUrl\":\"https:\/\/www.voxibot.ai\/wp-content\/uploads\/2024\/03\/Voxibot.png\",\"width\":2646,\"height\":788,\"caption\":\"Voxibot\"},\"image\":{\"@id\":\"https:\/\/www.voxibot.ai\/es\/#\/schema\/logo\/image\/\"},\"sameAs\":[\"https:\/\/www.linkedin.com\/showcase\/voxibot\/\"]}]}<\/script>\n<!-- \/ Yoast SEO plugin. -->","yoast_head_json":{"title":"Contacte con nosotros - Voxibot","description":"Estaremos encantados de hablar con usted sobre sus proyectos y trabajar con usted para crear una soluci\u00f3n que satisfaga sus necesidades.","robots":{"index":"index","follow":"follow","max-snippet":"max-snippet:-1","max-image-preview":"max-image-preview:large","max-video-preview":"max-video-preview:-1"},"canonical":"https:\/\/www.voxibot.ai\/es\/acerca-de\/contacte-con-nosotros\/","og_locale":"es_ES","og_type":"article","og_title":"Contacte con nosotros - Voxibot","og_description":"Estaremos encantados de hablar con usted sobre sus proyectos y trabajar con usted para crear una soluci\u00f3n que satisfaga sus necesidades.","og_url":"https:\/\/www.voxibot.ai\/es\/acerca-de\/contacte-con-nosotros\/","og_site_name":"Voxibot","article_modified_time":"2024-06-14T10:14:41+00:00","twitter_card":"summary_large_image","schema":{"@context":"https:\/\/schema.org","@graph":[{"@type":"WebPage","@id":"https:\/\/www.voxibot.ai\/es\/acerca-de\/contacte-con-nosotros\/","url":"https:\/\/www.voxibot.ai\/es\/acerca-de\/contacte-con-nosotros\/","name":"Contacte con nosotros - Voxibot","isPartOf":{"@id":"https:\/\/www.voxibot.ai\/es\/#website"},"datePublished":"2024-03-07T07:48:54+00:00","dateModified":"2024-06-14T10:14:41+00:00","description":"Estaremos encantados de hablar con usted sobre sus proyectos y trabajar con usted para crear una soluci\u00f3n que satisfaga sus necesidades.","breadcrumb":{"@id":"https:\/\/www.voxibot.ai\/es\/acerca-de\/contacte-con-nosotros\/#breadcrumb"},"inLanguage":"es","potentialAction":[{"@type":"ReadAction","target":["https:\/\/www.voxibot.ai\/es\/acerca-de\/contacte-con-nosotros\/"]}]},{"@type":"BreadcrumbList","@id":"https:\/\/www.voxibot.ai\/es\/acerca-de\/contacte-con-nosotros\/#breadcrumb","itemListElement":[{"@type":"ListItem","position":1,"name":"Accueil","item":"https:\/\/www.voxibot.ai\/es\/"},{"@type":"ListItem","position":2,"name":"Acerca de","item":"https:\/\/www.voxibot.ai\/es\/acerca-de\/"},{"@type":"ListItem","position":3,"name":"Contacte con nosotros"}]},{"@type":"WebSite","@id":"https:\/\/www.voxibot.ai\/es\/#website","url":"https:\/\/www.voxibot.ai\/es\/","name":"Voxibot","description":"L&#039;alli\u00e9 vocal de votre service clien tau t\u00e9l\u00e9phone","publisher":{"@id":"https:\/\/www.voxibot.ai\/es\/#organization"},"potentialAction":[{"@type":"SearchAction","target":{"@type":"EntryPoint","urlTemplate":"https:\/\/www.voxibot.ai\/es\/?s={search_term_string}"},"query-input":{"@type":"PropertyValueSpecification","valueRequired":true,"valueName":"search_term_string"}}],"inLanguage":"es"},{"@type":"Organization","@id":"https:\/\/www.voxibot.ai\/es\/#organization","name":"Voxibot","url":"https:\/\/www.voxibot.ai\/es\/","logo":{"@type":"ImageObject","inLanguage":"es","@id":"https:\/\/www.voxibot.ai\/es\/#\/schema\/logo\/image\/","url":"https:\/\/www.voxibot.ai\/wp-content\/uploads\/2024\/03\/Voxibot.png","contentUrl":"https:\/\/www.voxibot.ai\/wp-content\/uploads\/2024\/03\/Voxibot.png","width":2646,"height":788,"caption":"Voxibot"},"image":{"@id":"https:\/\/www.voxibot.ai\/es\/#\/schema\/logo\/image\/"},"sameAs":["https:\/\/www.linkedin.com\/showcase\/voxibot\/"]}]}},"_links":{"self":[{"href":"https:\/\/www.voxibot.ai\/es\/wp-json\/wp\/v2\/pages\/2653","targetHints":{"allow":["GET"]}}],"collection":[{"href":"https:\/\/www.voxibot.ai\/es\/wp-json\/wp\/v2\/pages"}],"about":[{"href":"https:\/\/www.voxibot.ai\/es\/wp-json\/wp\/v2\/types\/page"}],"author":[{"embeddable":true,"href":"https:\/\/www.voxibot.ai\/es\/wp-json\/wp\/v2\/users\/2"}],"replies":[{"embeddable":true,"href":"https:\/\/www.voxibot.ai\/es\/wp-json\/wp\/v2\/comments?post=2653"}],"version-history":[{"count":5,"href":"https:\/\/www.voxibot.ai\/es\/wp-json\/wp\/v2\/pages\/2653\/revisions"}],"predecessor-version":[{"id":2818,"href":"https:\/\/www.voxibot.ai\/es\/wp-json\/wp\/v2\/pages\/2653\/revisions\/2818"}],"up":[{"embeddable":true,"href":"https:\/\/www.voxibot.ai\/es\/wp-json\/wp\/v2\/pages\/2647"}],"wp:attachment":[{"href":"https:\/\/www.voxibot.ai\/es\/wp-json\/wp\/v2\/media?parent=2653"}],"curies":[{"name":"wp","href":"https:\/\/api.w.org\/{rel}","templated":true}]}}