{"id":2651,"date":"2024-03-07T08:48:54","date_gmt":"2024-03-07T07:48:54","guid":{"rendered":"https:\/\/www.voxibot.ai\/acerca-de\/quienes-somos\/"},"modified":"2024-06-11T10:23:25","modified_gmt":"2024-06-11T08:23:25","slug":"quienes-somos","status":"publish","type":"page","link":"https:\/\/www.voxibot.ai\/es\/acerca-de\/quienes-somos\/","title":{"rendered":"\u00bfQui\u00e9nes somos?"},"content":{"rendered":"\t\t<div data-elementor-type=\"wp-page\" data-elementor-id=\"2651\" class=\"elementor elementor-2651 elementor-49\" data-elementor-post-type=\"page\">\n\t\t\t\t<div class=\"elementor-element elementor-element-fe7b422 e-flex e-con-boxed e-con e-parent\" data-id=\"fe7b422\" data-element_type=\"container\" data-settings=\"{&quot;background_background&quot;:&quot;classic&quot;}\">\n\t\t\t\t\t<div class=\"e-con-inner\">\n\t\t\t\t<div class=\"elementor-element elementor-element-1494f45 elementor-widget elementor-widget-image\" data-id=\"1494f45\" data-element_type=\"widget\" data-widget_type=\"image.default\">\n\t\t\t\t<div class=\"elementor-widget-container\">\n\t\t\t\t\t\t\t\t\t\t\t\t\t\t\t<img decoding=\"async\" width=\"100\" height=\"30\" src=\"https:\/\/www.voxibot.ai\/wp-content\/uploads\/2024\/03\/ulex.png\" class=\"attachment-full size-full wp-image-2476\" alt=\"\" \/>\t\t\t\t\t\t\t\t\t\t\t\t\t\t\t<\/div>\n\t\t\t\t<\/div>\n\t\t\t\t<div class=\"elementor-element elementor-element-1de86da elementor-widget elementor-widget-heading\" data-id=\"1de86da\" data-element_type=\"widget\" data-widget_type=\"heading.default\">\n\t\t\t\t<div class=\"elementor-widget-container\">\n\t\t\t\t\t<h2 class=\"elementor-heading-title elementor-size-default\">ULEX, editor de la plataforma VOXIBOT\n<\/h2>\t\t\t\t<\/div>\n\t\t\t\t<\/div>\n\t\t\t\t<div class=\"elementor-element elementor-element-18e1511 elementor-widget elementor-widget-text-editor\" data-id=\"18e1511\" data-element_type=\"widget\" data-widget_type=\"text-editor.default\">\n\t\t\t\t<div class=\"elementor-widget-container\">\n\t\t\t\t\t\t\t\t\t<p>ULEX ofrece una soluci\u00f3n completa para gestionar asistentes de voz (callbot, voicebot, phonebot, welcomebot, etc.) basados en inteligencia artificial.<\/p>\n\t\t\t\t\t\t\t\t<\/div>\n\t\t\t\t<\/div>\n\t\t\t\t\t<\/div>\n\t\t\t\t<\/div>\n\t\t<div class=\"elementor-element elementor-element-d9c6d42 e-flex e-con-boxed e-con e-parent\" data-id=\"d9c6d42\" data-element_type=\"container\" data-settings=\"{&quot;background_background&quot;:&quot;classic&quot;}\">\n\t\t\t\t\t<div class=\"e-con-inner\">\n\t\t<div class=\"elementor-element elementor-element-3fe7ee6 e-flex e-con-boxed e-con e-child\" data-id=\"3fe7ee6\" data-element_type=\"container\">\n\t\t\t\t\t<div class=\"e-con-inner\">\n\t\t<div class=\"elementor-element elementor-element-2cb1839 e-flex e-con-boxed e-con e-child\" data-id=\"2cb1839\" data-element_type=\"container\">\n\t\t\t\t\t<div class=\"e-con-inner\">\n\t\t\t\t<div class=\"elementor-element elementor-element-5020088 elementor-widget elementor-widget-heading\" data-id=\"5020088\" data-element_type=\"widget\" data-widget_type=\"heading.default\">\n\t\t\t\t<div class=\"elementor-widget-container\">\n\t\t\t\t\t<h2 class=\"elementor-heading-title elementor-size-default\">La experiencia del cliente, nuestro motor\n<\/h2>\t\t\t\t<\/div>\n\t\t\t\t<\/div>\n\t\t\t\t\t<\/div>\n\t\t\t\t<\/div>\n\t\t\t\t<div class=\"elementor-element elementor-element-bc47818 elementor-widget elementor-widget-text-editor\" data-id=\"bc47818\" data-element_type=\"widget\" data-widget_type=\"text-editor.default\">\n\t\t\t\t<div class=\"elementor-widget-container\">\n\t\t\t\t\t\t\t\t\t<p>Fundada en 2009 por especialistas en telecomunicaciones, Ulex est\u00e1 especializada en <strong>optimizar la experiencia del cliente en torno a la VOZ, <\/strong> el elemento principal de la comunicaci\u00f3n humana.<\/p>\n<p>Nuestra oferta se basa en los principios fundamentales de <strong>la relaci\u00f3n telef\u00f3nica con el cliente: <\/strong> disponibilidad, capacidad de respuesta y personalizaci\u00f3n son ahora esenciales <strong> para garantizar una experiencia satisfactoria del cliente.<\/strong><\/p>\n<p>Nuestro objetivo es responder a estos retos empresariales cruciales ofreciendo un servicio cada vez m\u00e1s eficaz. <strong>Nuestro equipo multidisciplinar <\/strong> tiene experiencia en callbots, IA y <span style=\"text-align: var(--text-align); background-color: var( --e-global-color-aa14ec1 ); color: var( --e-global-color-text ); font-size: 1rem;\">procesamiento autom\u00e1tico del lenguaje natural,<\/span><span style=\"text-align: var(--text-align); background-color: var( --e-global-color-aa14ec1 ); color: var( --e-global-color-text ); font-size: 1rem;\">telecomunicaciones, etc. Todo el equipo utiliza <strong>su experiencia t\u00e9cnica y operativa para ayudarle a implementar con \u00e9xito sus proyectos de asistente de voz. <\/strong><\/span><\/p>\n\t\t\t\t\t\t\t\t<\/div>\n\t\t\t\t<\/div>\n\t\t\t\t\t<\/div>\n\t\t\t\t<\/div>\n\t\t<div class=\"elementor-element elementor-element-43a8f7b e-con-full e-flex e-con e-child\" data-id=\"43a8f7b\" data-element_type=\"container\" data-settings=\"{&quot;background_background&quot;:&quot;classic&quot;}\">\n\t\t\t\t<\/div>\n\t\t\t\t\t<\/div>\n\t\t\t\t<\/div>\n\t\t<div class=\"elementor-element elementor-element-61697d7 e-flex e-con-boxed e-con e-parent\" data-id=\"61697d7\" data-element_type=\"container\" data-settings=\"{&quot;background_background&quot;:&quot;classic&quot;}\">\n\t\t\t\t\t<div class=\"e-con-inner\">\n\t\t<div class=\"elementor-element elementor-element-ef6edb2 e-flex e-con-boxed e-con e-child\" data-id=\"ef6edb2\" data-element_type=\"container\">\n\t\t\t\t\t<div class=\"e-con-inner\">\n\t\t<div class=\"elementor-element elementor-element-7be985e e-flex e-con-boxed e-con e-child\" data-id=\"7be985e\" data-element_type=\"container\">\n\t\t\t\t\t<div class=\"e-con-inner\">\n\t\t\t\t<div class=\"elementor-element elementor-element-73c943c elementor-widget elementor-widget-heading\" data-id=\"73c943c\" data-element_type=\"widget\" data-widget_type=\"heading.default\">\n\t\t\t\t<div class=\"elementor-widget-container\">\n\t\t\t\t\t<h2 class=\"elementor-heading-title elementor-size-default\">Nuestra respuesta a los retos de la experiencia del cliente\n<\/h2>\t\t\t\t<\/div>\n\t\t\t\t<\/div>\n\t\t\t\t\t<\/div>\n\t\t\t\t<\/div>\n\t\t\t\t<div class=\"elementor-element elementor-element-f280d3f elementor-widget elementor-widget-text-editor\" data-id=\"f280d3f\" data-element_type=\"widget\" data-widget_type=\"text-editor.default\">\n\t\t\t\t<div class=\"elementor-widget-container\">\n\t\t\t\t\t\t\t\t\t<p>La transformaci\u00f3n tecnol\u00f3gica y la digitalizaci\u00f3n del recorrido del cliente est\u00e1n impulsando la evoluci\u00f3n continua de la Experiencia del Cliente: <strong>una respuesta completa y personalizada es ahora la norma para cada cliente. <\/strong> Los clientes ya no quieren esperar un tiempo interminable ni pasar horas buscando informaci\u00f3n que quiz\u00e1 no encuentren.<\/p>\n<p>Gracias a <strong>nuestras tecnolog\u00edas de transcripci\u00f3n e inteligencia artificial,<\/strong> estamos desarrollando asistentes de voz aut\u00f3nomos impulsados por IA <strong>para volver a poner la voz del cliente en el centro de las interacciones con las marcas.<\/strong><\/p>\n\t\t\t\t\t\t\t\t<\/div>\n\t\t\t\t<\/div>\n\t\t\t\t\t<\/div>\n\t\t\t\t<\/div>\n\t\t<div class=\"elementor-element elementor-element-d9a424b e-con-full e-flex e-con e-child\" data-id=\"d9a424b\" data-element_type=\"container\" data-settings=\"{&quot;background_background&quot;:&quot;classic&quot;}\">\n\t\t\t\t<\/div>\n\t\t\t\t\t<\/div>\n\t\t\t\t<\/div>\n\t\t<div class=\"elementor-element elementor-element-66398a0 e-flex e-con-boxed e-con e-parent\" data-id=\"66398a0\" data-element_type=\"container\" data-settings=\"{&quot;background_background&quot;:&quot;classic&quot;}\">\n\t\t\t\t\t<div class=\"e-con-inner\">\n\t\t<div class=\"elementor-element elementor-element-3878e4d e-flex e-con-boxed e-con e-child\" data-id=\"3878e4d\" data-element_type=\"container\">\n\t\t\t\t\t<div class=\"e-con-inner\">\n\t\t<div class=\"elementor-element elementor-element-0683d8b e-flex e-con-boxed e-con e-child\" data-id=\"0683d8b\" data-element_type=\"container\">\n\t\t\t\t\t<div class=\"e-con-inner\">\n\t\t\t\t<div class=\"elementor-element elementor-element-71252e9 elementor-widget elementor-widget-heading\" data-id=\"71252e9\" data-element_type=\"widget\" data-widget_type=\"heading.default\">\n\t\t\t\t<div class=\"elementor-widget-container\">\n\t\t\t\t\t<h2 class=\"elementor-heading-title elementor-size-default\">El asesor humano y la m\u00e1quina al servicio del cliente\n<\/h2>\t\t\t\t<\/div>\n\t\t\t\t<\/div>\n\t\t\t\t\t<\/div>\n\t\t\t\t<\/div>\n\t\t\t\t<div class=\"elementor-element elementor-element-2fa0c4b elementor-widget elementor-widget-text-editor\" data-id=\"2fa0c4b\" data-element_type=\"widget\" data-widget_type=\"text-editor.default\">\n\t\t\t\t<div class=\"elementor-widget-container\">\n\t\t\t\t\t\t\t\t\t<p><strong>Nuestro objetivo:<\/strong> automatizar los debates sencillos y las solicitudes recurrentes proporcionando respuestas instant\u00e1neas o dirigiendo las preguntas complejas a los asesores.<\/p>\n<p>El asesor humano se centrar\u00e1 exclusivamente en los intercambios sensibles y de alto valor a\u00f1adido.<\/p>\n<p>Con esto en mente, <strong>ULEX est\u00e1 desarrollando un modelo en el que la tecnolog\u00eda y la IA refuerzan a los empleados ofreci\u00e9ndoles mayor eficiencia y flexibilidad, al servicio del cliente final. <\/strong><\/p>\n\t\t\t\t\t\t\t\t<\/div>\n\t\t\t\t<\/div>\n\t\t\t\t\t<\/div>\n\t\t\t\t<\/div>\n\t\t<div class=\"elementor-element elementor-element-1bd6808 e-con-full e-flex e-con e-child\" data-id=\"1bd6808\" data-element_type=\"container\" data-settings=\"{&quot;background_background&quot;:&quot;classic&quot;}\">\n\t\t\t\t<\/div>\n\t\t\t\t\t<\/div>\n\t\t\t\t<\/div>\n\t\t\t\t<\/div>\n\t\t","protected":false},"excerpt":{"rendered":"<p>ULEX, editor de la plataforma VOXIBOT ULEX ofrece una soluci\u00f3n completa para gestionar asistentes de voz (callbot, voicebot, phonebot, welcomebot, etc.) basados en inteligencia artificial. La experiencia del cliente, nuestro motor Fundada en 2009 por especialistas en telecomunicaciones, Ulex est\u00e1 especializada en optimizar la experiencia del cliente en torno a la VOZ, el elemento principal [&hellip;]<\/p>\n","protected":false},"author":2,"featured_media":0,"parent":2647,"menu_order":0,"comment_status":"closed","ping_status":"closed","template":"elementor_header_footer","meta":{"_acf_changed":false,"footnotes":""},"class_list":["post-2651","page","type-page","status-publish","hentry"],"acf":[],"yoast_head":"<!-- This site is optimized with the Yoast SEO plugin v25.4 - https:\/\/yoast.com\/wordpress\/plugins\/seo\/ -->\n<title>\u00bfQui\u00e9nes somos? - Voxibot<\/title>\n<meta name=\"description\" content=\"ULEX, editor de la plataforma VOXIBOT, ofrece una soluci\u00f3n completa para la gesti\u00f3n de asistentes de voz basados en inteligencia artificial.\" \/>\n<meta name=\"robots\" content=\"index, follow, max-snippet:-1, max-image-preview:large, max-video-preview:-1\" \/>\n<link rel=\"canonical\" href=\"https:\/\/www.voxibot.ai\/es\/acerca-de\/quienes-somos\/\" \/>\n<meta property=\"og:locale\" content=\"es_ES\" \/>\n<meta property=\"og:type\" content=\"article\" \/>\n<meta property=\"og:title\" content=\"\u00bfQui\u00e9nes somos? - Voxibot\" \/>\n<meta property=\"og:description\" content=\"ULEX, editor de la plataforma VOXIBOT, ofrece una soluci\u00f3n completa para la gesti\u00f3n de asistentes de voz basados en inteligencia artificial.\" \/>\n<meta property=\"og:url\" content=\"https:\/\/www.voxibot.ai\/es\/acerca-de\/quienes-somos\/\" \/>\n<meta property=\"og:site_name\" content=\"Voxibot\" \/>\n<meta property=\"article:modified_time\" content=\"2024-06-11T08:23:25+00:00\" \/>\n<meta property=\"og:image\" content=\"https:\/\/www.voxibot.ai\/wp-content\/uploads\/2024\/03\/ulex.png\" \/>\n<meta name=\"twitter:card\" content=\"summary_large_image\" \/>\n<meta name=\"twitter:label1\" content=\"Tiempo de lectura\" \/>\n\t<meta name=\"twitter:data1\" content=\"2 minutos\" \/>\n<script type=\"application\/ld+json\" class=\"yoast-schema-graph\">{\"@context\":\"https:\/\/schema.org\",\"@graph\":[{\"@type\":\"WebPage\",\"@id\":\"https:\/\/www.voxibot.ai\/es\/acerca-de\/quienes-somos\/\",\"url\":\"https:\/\/www.voxibot.ai\/es\/acerca-de\/quienes-somos\/\",\"name\":\"\u00bfQui\u00e9nes somos? - Voxibot\",\"isPartOf\":{\"@id\":\"https:\/\/www.voxibot.ai\/es\/#website\"},\"primaryImageOfPage\":{\"@id\":\"https:\/\/www.voxibot.ai\/es\/acerca-de\/quienes-somos\/#primaryimage\"},\"image\":{\"@id\":\"https:\/\/www.voxibot.ai\/es\/acerca-de\/quienes-somos\/#primaryimage\"},\"thumbnailUrl\":\"https:\/\/www.voxibot.ai\/wp-content\/uploads\/2024\/03\/ulex.png\",\"datePublished\":\"2024-03-07T07:48:54+00:00\",\"dateModified\":\"2024-06-11T08:23:25+00:00\",\"description\":\"ULEX, editor de la plataforma VOXIBOT, ofrece una soluci\u00f3n completa para la gesti\u00f3n de asistentes de voz basados en inteligencia artificial.\",\"breadcrumb\":{\"@id\":\"https:\/\/www.voxibot.ai\/es\/acerca-de\/quienes-somos\/#breadcrumb\"},\"inLanguage\":\"es\",\"potentialAction\":[{\"@type\":\"ReadAction\",\"target\":[\"https:\/\/www.voxibot.ai\/es\/acerca-de\/quienes-somos\/\"]}]},{\"@type\":\"ImageObject\",\"inLanguage\":\"es\",\"@id\":\"https:\/\/www.voxibot.ai\/es\/acerca-de\/quienes-somos\/#primaryimage\",\"url\":\"https:\/\/www.voxibot.ai\/wp-content\/uploads\/2024\/03\/ulex.png\",\"contentUrl\":\"https:\/\/www.voxibot.ai\/wp-content\/uploads\/2024\/03\/ulex.png\"},{\"@type\":\"BreadcrumbList\",\"@id\":\"https:\/\/www.voxibot.ai\/es\/acerca-de\/quienes-somos\/#breadcrumb\",\"itemListElement\":[{\"@type\":\"ListItem\",\"position\":1,\"name\":\"Accueil\",\"item\":\"https:\/\/www.voxibot.ai\/es\/\"},{\"@type\":\"ListItem\",\"position\":2,\"name\":\"Acerca de\",\"item\":\"https:\/\/www.voxibot.ai\/es\/acerca-de\/\"},{\"@type\":\"ListItem\",\"position\":3,\"name\":\"\u00bfQui\u00e9nes somos?\"}]},{\"@type\":\"WebSite\",\"@id\":\"https:\/\/www.voxibot.ai\/es\/#website\",\"url\":\"https:\/\/www.voxibot.ai\/es\/\",\"name\":\"Voxibot\",\"description\":\"L&#039;alli\u00e9 vocal de votre service clien tau t\u00e9l\u00e9phone\",\"publisher\":{\"@id\":\"https:\/\/www.voxibot.ai\/es\/#organization\"},\"potentialAction\":[{\"@type\":\"SearchAction\",\"target\":{\"@type\":\"EntryPoint\",\"urlTemplate\":\"https:\/\/www.voxibot.ai\/es\/?s={search_term_string}\"},\"query-input\":{\"@type\":\"PropertyValueSpecification\",\"valueRequired\":true,\"valueName\":\"search_term_string\"}}],\"inLanguage\":\"es\"},{\"@type\":\"Organization\",\"@id\":\"https:\/\/www.voxibot.ai\/es\/#organization\",\"name\":\"Voxibot\",\"url\":\"https:\/\/www.voxibot.ai\/es\/\",\"logo\":{\"@type\":\"ImageObject\",\"inLanguage\":\"es\",\"@id\":\"https:\/\/www.voxibot.ai\/es\/#\/schema\/logo\/image\/\",\"url\":\"https:\/\/www.voxibot.ai\/wp-content\/uploads\/2024\/03\/Voxibot.png\",\"contentUrl\":\"https:\/\/www.voxibot.ai\/wp-content\/uploads\/2024\/03\/Voxibot.png\",\"width\":2646,\"height\":788,\"caption\":\"Voxibot\"},\"image\":{\"@id\":\"https:\/\/www.voxibot.ai\/es\/#\/schema\/logo\/image\/\"},\"sameAs\":[\"https:\/\/www.linkedin.com\/showcase\/voxibot\/\"]}]}<\/script>\n<!-- \/ Yoast SEO plugin. -->","yoast_head_json":{"title":"\u00bfQui\u00e9nes somos? - Voxibot","description":"ULEX, editor de la plataforma VOXIBOT, ofrece una soluci\u00f3n completa para la gesti\u00f3n de asistentes de voz basados en inteligencia artificial.","robots":{"index":"index","follow":"follow","max-snippet":"max-snippet:-1","max-image-preview":"max-image-preview:large","max-video-preview":"max-video-preview:-1"},"canonical":"https:\/\/www.voxibot.ai\/es\/acerca-de\/quienes-somos\/","og_locale":"es_ES","og_type":"article","og_title":"\u00bfQui\u00e9nes somos? - Voxibot","og_description":"ULEX, editor de la plataforma VOXIBOT, ofrece una soluci\u00f3n completa para la gesti\u00f3n de asistentes de voz basados en inteligencia artificial.","og_url":"https:\/\/www.voxibot.ai\/es\/acerca-de\/quienes-somos\/","og_site_name":"Voxibot","article_modified_time":"2024-06-11T08:23:25+00:00","og_image":[{"url":"https:\/\/www.voxibot.ai\/wp-content\/uploads\/2024\/03\/ulex.png","type":"","width":"","height":""}],"twitter_card":"summary_large_image","twitter_misc":{"Tiempo de lectura":"2 minutos"},"schema":{"@context":"https:\/\/schema.org","@graph":[{"@type":"WebPage","@id":"https:\/\/www.voxibot.ai\/es\/acerca-de\/quienes-somos\/","url":"https:\/\/www.voxibot.ai\/es\/acerca-de\/quienes-somos\/","name":"\u00bfQui\u00e9nes somos? - Voxibot","isPartOf":{"@id":"https:\/\/www.voxibot.ai\/es\/#website"},"primaryImageOfPage":{"@id":"https:\/\/www.voxibot.ai\/es\/acerca-de\/quienes-somos\/#primaryimage"},"image":{"@id":"https:\/\/www.voxibot.ai\/es\/acerca-de\/quienes-somos\/#primaryimage"},"thumbnailUrl":"https:\/\/www.voxibot.ai\/wp-content\/uploads\/2024\/03\/ulex.png","datePublished":"2024-03-07T07:48:54+00:00","dateModified":"2024-06-11T08:23:25+00:00","description":"ULEX, editor de la plataforma VOXIBOT, ofrece una soluci\u00f3n completa para la gesti\u00f3n de asistentes de voz basados en inteligencia artificial.","breadcrumb":{"@id":"https:\/\/www.voxibot.ai\/es\/acerca-de\/quienes-somos\/#breadcrumb"},"inLanguage":"es","potentialAction":[{"@type":"ReadAction","target":["https:\/\/www.voxibot.ai\/es\/acerca-de\/quienes-somos\/"]}]},{"@type":"ImageObject","inLanguage":"es","@id":"https:\/\/www.voxibot.ai\/es\/acerca-de\/quienes-somos\/#primaryimage","url":"https:\/\/www.voxibot.ai\/wp-content\/uploads\/2024\/03\/ulex.png","contentUrl":"https:\/\/www.voxibot.ai\/wp-content\/uploads\/2024\/03\/ulex.png"},{"@type":"BreadcrumbList","@id":"https:\/\/www.voxibot.ai\/es\/acerca-de\/quienes-somos\/#breadcrumb","itemListElement":[{"@type":"ListItem","position":1,"name":"Accueil","item":"https:\/\/www.voxibot.ai\/es\/"},{"@type":"ListItem","position":2,"name":"Acerca de","item":"https:\/\/www.voxibot.ai\/es\/acerca-de\/"},{"@type":"ListItem","position":3,"name":"\u00bfQui\u00e9nes somos?"}]},{"@type":"WebSite","@id":"https:\/\/www.voxibot.ai\/es\/#website","url":"https:\/\/www.voxibot.ai\/es\/","name":"Voxibot","description":"L&#039;alli\u00e9 vocal de votre service clien tau t\u00e9l\u00e9phone","publisher":{"@id":"https:\/\/www.voxibot.ai\/es\/#organization"},"potentialAction":[{"@type":"SearchAction","target":{"@type":"EntryPoint","urlTemplate":"https:\/\/www.voxibot.ai\/es\/?s={search_term_string}"},"query-input":{"@type":"PropertyValueSpecification","valueRequired":true,"valueName":"search_term_string"}}],"inLanguage":"es"},{"@type":"Organization","@id":"https:\/\/www.voxibot.ai\/es\/#organization","name":"Voxibot","url":"https:\/\/www.voxibot.ai\/es\/","logo":{"@type":"ImageObject","inLanguage":"es","@id":"https:\/\/www.voxibot.ai\/es\/#\/schema\/logo\/image\/","url":"https:\/\/www.voxibot.ai\/wp-content\/uploads\/2024\/03\/Voxibot.png","contentUrl":"https:\/\/www.voxibot.ai\/wp-content\/uploads\/2024\/03\/Voxibot.png","width":2646,"height":788,"caption":"Voxibot"},"image":{"@id":"https:\/\/www.voxibot.ai\/es\/#\/schema\/logo\/image\/"},"sameAs":["https:\/\/www.linkedin.com\/showcase\/voxibot\/"]}]}},"_links":{"self":[{"href":"https:\/\/www.voxibot.ai\/es\/wp-json\/wp\/v2\/pages\/2651","targetHints":{"allow":["GET"]}}],"collection":[{"href":"https:\/\/www.voxibot.ai\/es\/wp-json\/wp\/v2\/pages"}],"about":[{"href":"https:\/\/www.voxibot.ai\/es\/wp-json\/wp\/v2\/types\/page"}],"author":[{"embeddable":true,"href":"https:\/\/www.voxibot.ai\/es\/wp-json\/wp\/v2\/users\/2"}],"replies":[{"embeddable":true,"href":"https:\/\/www.voxibot.ai\/es\/wp-json\/wp\/v2\/comments?post=2651"}],"version-history":[{"count":1,"href":"https:\/\/www.voxibot.ai\/es\/wp-json\/wp\/v2\/pages\/2651\/revisions"}],"predecessor-version":[{"id":2652,"href":"https:\/\/www.voxibot.ai\/es\/wp-json\/wp\/v2\/pages\/2651\/revisions\/2652"}],"up":[{"embeddable":true,"href":"https:\/\/www.voxibot.ai\/es\/wp-json\/wp\/v2\/pages\/2647"}],"wp:attachment":[{"href":"https:\/\/www.voxibot.ai\/es\/wp-json\/wp\/v2\/media?parent=2651"}],"curies":[{"name":"wp","href":"https:\/\/api.w.org\/{rel}","templated":true}]}}