{"id":2647,"date":"2024-03-07T08:48:54","date_gmt":"2024-03-07T07:48:54","guid":{"rendered":"https:\/\/www.voxibot.ai\/acerca-de\/"},"modified":"2024-06-12T12:20:27","modified_gmt":"2024-06-12T10:20:27","slug":"acerca-de","status":"publish","type":"page","link":"https:\/\/www.voxibot.ai\/es\/acerca-de\/","title":{"rendered":"Acerca de"},"content":{"rendered":"\t\t<div data-elementor-type=\"wp-page\" data-elementor-id=\"2647\" class=\"elementor elementor-2647 elementor-47\" data-elementor-post-type=\"page\">\n\t\t\t\t<div class=\"elementor-element elementor-element-570ab91 e-flex e-con-boxed e-con e-parent\" data-id=\"570ab91\" data-element_type=\"container\" data-settings=\"{&quot;background_background&quot;:&quot;classic&quot;}\">\n\t\t\t\t\t<div class=\"e-con-inner\">\n\t\t\t\t<div class=\"elementor-element elementor-element-c8a9fdc elementor-widget elementor-widget-heading\" data-id=\"c8a9fdc\" data-element_type=\"widget\" data-widget_type=\"heading.default\">\n\t\t\t\t<div class=\"elementor-widget-container\">\n\t\t\t\t\t<h2 class=\"elementor-heading-title elementor-size-default\">Ofrezca una experiencia de usuario excepcional por tel\u00e9fono, sin comprometer la calidad del servicio.<\/h2>\t\t\t\t<\/div>\n\t\t\t\t<\/div>\n\t\t\t\t<div class=\"elementor-element elementor-element-59e151d elementor-widget elementor-widget-text-editor\" data-id=\"59e151d\" data-element_type=\"widget\" data-widget_type=\"text-editor.default\">\n\t\t\t\t<div class=\"elementor-widget-container\">\n\t\t\t\t\t\t\t\t\t<p>Sum\u00e9rjase en el mundo de Voxibot y descubra nuestra metodolog\u00eda de trabajo, centrada en integrar la inteligencia artificial para optimizar su servicio de atenci\u00f3n al cliente, marketing o RRHH. Nuestro equipo apasionado y experimentado se compromete a ofrecer soluciones a medida basadas en las mejores pr\u00e1cticas y los \u00faltimos avances tecnol\u00f3gicos. Explore nuestra trayectoria y los \u00e9xitos que hemos logrado en el campo de la IA para la atenci\u00f3n al cliente.<\/p>\n\t\t\t\t\t\t\t\t<\/div>\n\t\t\t\t<\/div>\n\t\t\t\t\t<\/div>\n\t\t\t\t<\/div>\n\t\t<div class=\"elementor-element elementor-element-eae942b e-con-full e-flex e-con e-parent\" data-id=\"eae942b\" data-element_type=\"container\" data-settings=\"{&quot;background_background&quot;:&quot;classic&quot;}\">\n\t\t<div class=\"elementor-element elementor-element-55217c9 e-flex e-con-boxed e-con e-child\" data-id=\"55217c9\" data-element_type=\"container\">\n\t\t\t\t\t<div class=\"e-con-inner\">\n\t\t\t\t<div class=\"elementor-element elementor-element-dec9dac elementor-widget elementor-widget-heading\" data-id=\"dec9dac\" data-element_type=\"widget\" data-widget_type=\"heading.default\">\n\t\t\t\t<div class=\"elementor-widget-container\">\n\t\t\t\t\t<h3 class=\"elementor-heading-title elementor-size-default\">Explore nuestra trayectoria y construyamos juntos la experiencia conversacional que sue\u00f1a ofrecer a sus clientes, \u00a1por tel\u00e9fono!<\/h3>\t\t\t\t<\/div>\n\t\t\t\t<\/div>\n\t\t\t\t\t<\/div>\n\t\t\t\t<\/div>\n\t\t<div class=\"elementor-element elementor-element-7b05efe e-flex e-con-boxed e-con e-child\" data-id=\"7b05efe\" data-element_type=\"container\">\n\t\t\t\t\t<div class=\"e-con-inner\">\n\t\t\t\t<div class=\"elementor-element elementor-element-6133db8 elementor-cta--skin-cover elementor-cta--valign-middle elementor-animated-content elementor-widget elementor-widget-call-to-action\" data-id=\"6133db8\" data-element_type=\"widget\" data-widget_type=\"call-to-action.default\">\n\t\t\t\t<div class=\"elementor-widget-container\">\n\t\t\t\t\t\t\t<a class=\"elementor-cta\" href=\"https:\/\/www.voxibot.ai\/es\/acerca-de\/metodologia-del-proyecto\/\">\n\t\t\t\t\t<div class=\"elementor-cta__bg-wrapper\">\n\t\t\t\t<div class=\"elementor-cta__bg elementor-bg\" style=\"background-image: url();\" role=\"img\" aria-label=\"\"><\/div>\n\t\t\t\t<div class=\"elementor-cta__bg-overlay\"><\/div>\n\t\t\t<\/div>\n\t\t\t\t\t\t\t<div class=\"elementor-cta__content\">\n\t\t\t\t\n\t\t\t\t\t\t\t\t\t<h2 class=\"elementor-cta__title elementor-cta__content-item elementor-content-item elementor-animated-item--grow\">\n\t\t\t\t\t\tMetodolog\u00eda del proyecto\t\t\t\t\t<\/h2>\n\t\t\t\t\n\t\t\t\t\n\t\t\t\t\t\t\t<\/div>\n\t\t\t\t\t\t<\/a>\n\t\t\t\t\t\t<\/div>\n\t\t\t\t<\/div>\n\t\t\t\t<div class=\"elementor-element elementor-element-6f35e8e elementor-cta--skin-cover elementor-cta--valign-middle elementor-animated-content elementor-widget elementor-widget-call-to-action\" data-id=\"6f35e8e\" data-element_type=\"widget\" data-widget_type=\"call-to-action.default\">\n\t\t\t\t<div class=\"elementor-widget-container\">\n\t\t\t\t\t\t\t<a class=\"elementor-cta\" href=\"https:\/\/www.voxibot.ai\/es\/acerca-de\/quienes-somos\/\">\n\t\t\t\t\t<div class=\"elementor-cta__bg-wrapper\">\n\t\t\t\t<div class=\"elementor-cta__bg elementor-bg\" style=\"background-image: url();\" role=\"img\" aria-label=\"\"><\/div>\n\t\t\t\t<div class=\"elementor-cta__bg-overlay\"><\/div>\n\t\t\t<\/div>\n\t\t\t\t\t\t\t<div class=\"elementor-cta__content\">\n\t\t\t\t\n\t\t\t\t\t\t\t\t\t<h2 class=\"elementor-cta__title elementor-cta__content-item elementor-content-item elementor-animated-item--grow\">\n\t\t\t\t\t\t\u00bfQui\u00e9nes somos?\t\t\t\t\t<\/h2>\n\t\t\t\t\n\t\t\t\t\n\t\t\t\t\t\t\t<\/div>\n\t\t\t\t\t\t<\/a>\n\t\t\t\t\t\t<\/div>\n\t\t\t\t<\/div>\n\t\t\t\t<div class=\"elementor-element elementor-element-31113a7 elementor-cta--skin-cover elementor-cta--valign-middle elementor-animated-content elementor-widget elementor-widget-call-to-action\" data-id=\"31113a7\" data-element_type=\"widget\" data-widget_type=\"call-to-action.default\">\n\t\t\t\t<div class=\"elementor-widget-container\">\n\t\t\t\t\t\t\t<a class=\"elementor-cta\" href=\"https:\/\/www.voxibot.ai\/es\/acerca-de\/contacte-con-nosotros\/\">\n\t\t\t\t\t<div class=\"elementor-cta__bg-wrapper\">\n\t\t\t\t<div class=\"elementor-cta__bg elementor-bg\" style=\"background-image: url();\" role=\"img\" aria-label=\"\"><\/div>\n\t\t\t\t<div class=\"elementor-cta__bg-overlay\"><\/div>\n\t\t\t<\/div>\n\t\t\t\t\t\t\t<div class=\"elementor-cta__content\">\n\t\t\t\t\n\t\t\t\t\t\t\t\t\t<h2 class=\"elementor-cta__title elementor-cta__content-item elementor-content-item elementor-animated-item--grow\">\n\t\t\t\t\t\tContacte con nosotros\t\t\t\t\t<\/h2>\n\t\t\t\t\n\t\t\t\t\n\t\t\t\t\t\t\t<\/div>\n\t\t\t\t\t\t<\/a>\n\t\t\t\t\t\t<\/div>\n\t\t\t\t<\/div>\n\t\t\t\t\t<\/div>\n\t\t\t\t<\/div>\n\t\t\t\t<\/div>\n\t\t\t\t<\/div>\n\t\t","protected":false},"excerpt":{"rendered":"<p>Ofrezca una experiencia de usuario excepcional por tel\u00e9fono, sin comprometer la calidad del servicio. Sum\u00e9rjase en el mundo de Voxibot y descubra nuestra metodolog\u00eda de trabajo, centrada en integrar la inteligencia artificial para optimizar su servicio de atenci\u00f3n al cliente, marketing o RRHH. Nuestro equipo apasionado y experimentado se compromete a ofrecer soluciones a medida [&hellip;]<\/p>\n","protected":false},"author":2,"featured_media":0,"parent":0,"menu_order":0,"comment_status":"closed","ping_status":"closed","template":"elementor_header_footer","meta":{"_acf_changed":false,"footnotes":""},"class_list":["post-2647","page","type-page","status-publish","hentry"],"acf":[],"yoast_head":"<!-- This site is optimized with the Yoast SEO plugin v25.4 - https:\/\/yoast.com\/wordpress\/plugins\/seo\/ -->\n<title>Acerca de - Voxibot<\/title>\n<meta name=\"description\" content=\"Descubra nuestra metodolog\u00eda de trabajo, basada en la integraci\u00f3n de la inteligencia artificial para optimizar su servicio de atenci\u00f3n al cliente,\" \/>\n<meta name=\"robots\" content=\"index, follow, max-snippet:-1, max-image-preview:large, max-video-preview:-1\" \/>\n<link rel=\"canonical\" href=\"https:\/\/www.voxibot.ai\/es\/acerca-de\/\" \/>\n<meta property=\"og:locale\" content=\"es_ES\" \/>\n<meta property=\"og:type\" content=\"article\" \/>\n<meta property=\"og:title\" content=\"Acerca de - Voxibot\" \/>\n<meta property=\"og:description\" content=\"Descubra nuestra metodolog\u00eda de trabajo, basada en la integraci\u00f3n de la inteligencia artificial para optimizar su servicio de atenci\u00f3n al cliente,\" \/>\n<meta property=\"og:url\" content=\"https:\/\/www.voxibot.ai\/es\/acerca-de\/\" \/>\n<meta property=\"og:site_name\" content=\"Voxibot\" \/>\n<meta property=\"article:modified_time\" content=\"2024-06-12T10:20:27+00:00\" \/>\n<meta name=\"twitter:card\" content=\"summary_large_image\" \/>\n<meta name=\"twitter:label1\" content=\"Tiempo de lectura\" \/>\n\t<meta name=\"twitter:data1\" content=\"1 minuto\" \/>\n<script type=\"application\/ld+json\" class=\"yoast-schema-graph\">{\"@context\":\"https:\/\/schema.org\",\"@graph\":[{\"@type\":\"WebPage\",\"@id\":\"https:\/\/www.voxibot.ai\/es\/acerca-de\/\",\"url\":\"https:\/\/www.voxibot.ai\/es\/acerca-de\/\",\"name\":\"Acerca de - Voxibot\",\"isPartOf\":{\"@id\":\"https:\/\/www.voxibot.ai\/es\/#website\"},\"datePublished\":\"2024-03-07T07:48:54+00:00\",\"dateModified\":\"2024-06-12T10:20:27+00:00\",\"description\":\"Descubra nuestra metodolog\u00eda de trabajo, basada en la integraci\u00f3n de la inteligencia artificial para optimizar su servicio de atenci\u00f3n al cliente,\",\"breadcrumb\":{\"@id\":\"https:\/\/www.voxibot.ai\/es\/acerca-de\/#breadcrumb\"},\"inLanguage\":\"es\",\"potentialAction\":[{\"@type\":\"ReadAction\",\"target\":[\"https:\/\/www.voxibot.ai\/es\/acerca-de\/\"]}]},{\"@type\":\"BreadcrumbList\",\"@id\":\"https:\/\/www.voxibot.ai\/es\/acerca-de\/#breadcrumb\",\"itemListElement\":[{\"@type\":\"ListItem\",\"position\":1,\"name\":\"Accueil\",\"item\":\"https:\/\/www.voxibot.ai\/es\/\"},{\"@type\":\"ListItem\",\"position\":2,\"name\":\"Acerca de\"}]},{\"@type\":\"WebSite\",\"@id\":\"https:\/\/www.voxibot.ai\/es\/#website\",\"url\":\"https:\/\/www.voxibot.ai\/es\/\",\"name\":\"Voxibot\",\"description\":\"L&#039;alli\u00e9 vocal de votre service clien tau t\u00e9l\u00e9phone\",\"publisher\":{\"@id\":\"https:\/\/www.voxibot.ai\/es\/#organization\"},\"potentialAction\":[{\"@type\":\"SearchAction\",\"target\":{\"@type\":\"EntryPoint\",\"urlTemplate\":\"https:\/\/www.voxibot.ai\/es\/?s={search_term_string}\"},\"query-input\":{\"@type\":\"PropertyValueSpecification\",\"valueRequired\":true,\"valueName\":\"search_term_string\"}}],\"inLanguage\":\"es\"},{\"@type\":\"Organization\",\"@id\":\"https:\/\/www.voxibot.ai\/es\/#organization\",\"name\":\"Voxibot\",\"url\":\"https:\/\/www.voxibot.ai\/es\/\",\"logo\":{\"@type\":\"ImageObject\",\"inLanguage\":\"es\",\"@id\":\"https:\/\/www.voxibot.ai\/es\/#\/schema\/logo\/image\/\",\"url\":\"https:\/\/www.voxibot.ai\/wp-content\/uploads\/2024\/03\/Voxibot.png\",\"contentUrl\":\"https:\/\/www.voxibot.ai\/wp-content\/uploads\/2024\/03\/Voxibot.png\",\"width\":2646,\"height\":788,\"caption\":\"Voxibot\"},\"image\":{\"@id\":\"https:\/\/www.voxibot.ai\/es\/#\/schema\/logo\/image\/\"},\"sameAs\":[\"https:\/\/www.linkedin.com\/showcase\/voxibot\/\"]}]}<\/script>\n<!-- \/ Yoast SEO plugin. -->","yoast_head_json":{"title":"Acerca de - Voxibot","description":"Descubra nuestra metodolog\u00eda de trabajo, basada en la integraci\u00f3n de la inteligencia artificial para optimizar su servicio de atenci\u00f3n al cliente,","robots":{"index":"index","follow":"follow","max-snippet":"max-snippet:-1","max-image-preview":"max-image-preview:large","max-video-preview":"max-video-preview:-1"},"canonical":"https:\/\/www.voxibot.ai\/es\/acerca-de\/","og_locale":"es_ES","og_type":"article","og_title":"Acerca de - Voxibot","og_description":"Descubra nuestra metodolog\u00eda de trabajo, basada en la integraci\u00f3n de la inteligencia artificial para optimizar su servicio de atenci\u00f3n al cliente,","og_url":"https:\/\/www.voxibot.ai\/es\/acerca-de\/","og_site_name":"Voxibot","article_modified_time":"2024-06-12T10:20:27+00:00","twitter_card":"summary_large_image","twitter_misc":{"Tiempo de lectura":"1 minuto"},"schema":{"@context":"https:\/\/schema.org","@graph":[{"@type":"WebPage","@id":"https:\/\/www.voxibot.ai\/es\/acerca-de\/","url":"https:\/\/www.voxibot.ai\/es\/acerca-de\/","name":"Acerca de - Voxibot","isPartOf":{"@id":"https:\/\/www.voxibot.ai\/es\/#website"},"datePublished":"2024-03-07T07:48:54+00:00","dateModified":"2024-06-12T10:20:27+00:00","description":"Descubra nuestra metodolog\u00eda de trabajo, basada en la integraci\u00f3n de la inteligencia artificial para optimizar su servicio de atenci\u00f3n al cliente,","breadcrumb":{"@id":"https:\/\/www.voxibot.ai\/es\/acerca-de\/#breadcrumb"},"inLanguage":"es","potentialAction":[{"@type":"ReadAction","target":["https:\/\/www.voxibot.ai\/es\/acerca-de\/"]}]},{"@type":"BreadcrumbList","@id":"https:\/\/www.voxibot.ai\/es\/acerca-de\/#breadcrumb","itemListElement":[{"@type":"ListItem","position":1,"name":"Accueil","item":"https:\/\/www.voxibot.ai\/es\/"},{"@type":"ListItem","position":2,"name":"Acerca de"}]},{"@type":"WebSite","@id":"https:\/\/www.voxibot.ai\/es\/#website","url":"https:\/\/www.voxibot.ai\/es\/","name":"Voxibot","description":"L&#039;alli\u00e9 vocal de votre service clien tau t\u00e9l\u00e9phone","publisher":{"@id":"https:\/\/www.voxibot.ai\/es\/#organization"},"potentialAction":[{"@type":"SearchAction","target":{"@type":"EntryPoint","urlTemplate":"https:\/\/www.voxibot.ai\/es\/?s={search_term_string}"},"query-input":{"@type":"PropertyValueSpecification","valueRequired":true,"valueName":"search_term_string"}}],"inLanguage":"es"},{"@type":"Organization","@id":"https:\/\/www.voxibot.ai\/es\/#organization","name":"Voxibot","url":"https:\/\/www.voxibot.ai\/es\/","logo":{"@type":"ImageObject","inLanguage":"es","@id":"https:\/\/www.voxibot.ai\/es\/#\/schema\/logo\/image\/","url":"https:\/\/www.voxibot.ai\/wp-content\/uploads\/2024\/03\/Voxibot.png","contentUrl":"https:\/\/www.voxibot.ai\/wp-content\/uploads\/2024\/03\/Voxibot.png","width":2646,"height":788,"caption":"Voxibot"},"image":{"@id":"https:\/\/www.voxibot.ai\/es\/#\/schema\/logo\/image\/"},"sameAs":["https:\/\/www.linkedin.com\/showcase\/voxibot\/"]}]}},"_links":{"self":[{"href":"https:\/\/www.voxibot.ai\/es\/wp-json\/wp\/v2\/pages\/2647","targetHints":{"allow":["GET"]}}],"collection":[{"href":"https:\/\/www.voxibot.ai\/es\/wp-json\/wp\/v2\/pages"}],"about":[{"href":"https:\/\/www.voxibot.ai\/es\/wp-json\/wp\/v2\/types\/page"}],"author":[{"embeddable":true,"href":"https:\/\/www.voxibot.ai\/es\/wp-json\/wp\/v2\/users\/2"}],"replies":[{"embeddable":true,"href":"https:\/\/www.voxibot.ai\/es\/wp-json\/wp\/v2\/comments?post=2647"}],"version-history":[{"count":4,"href":"https:\/\/www.voxibot.ai\/es\/wp-json\/wp\/v2\/pages\/2647\/revisions"}],"predecessor-version":[{"id":2796,"href":"https:\/\/www.voxibot.ai\/es\/wp-json\/wp\/v2\/pages\/2647\/revisions\/2796"}],"wp:attachment":[{"href":"https:\/\/www.voxibot.ai\/es\/wp-json\/wp\/v2\/media?parent=2647"}],"curies":[{"name":"wp","href":"https:\/\/api.w.org\/{rel}","templated":true}]}}