{"id":2637,"date":"2024-03-07T08:48:54","date_gmt":"2024-03-07T07:48:54","guid":{"rendered":"https:\/\/www.voxibot.ai\/plataforma-de-ia\/estudio-voxibot\/"},"modified":"2024-06-11T08:44:38","modified_gmt":"2024-06-11T06:44:38","slug":"estudio-voxibot","status":"publish","type":"page","link":"https:\/\/www.voxibot.ai\/es\/plataforma-de-ia\/estudio-voxibot\/","title":{"rendered":"Estudio Voxibot"},"content":{"rendered":"\t\t<div data-elementor-type=\"wp-page\" data-elementor-id=\"2637\" class=\"elementor elementor-2637 elementor-42\" data-elementor-post-type=\"page\">\n\t\t\t\t<div class=\"elementor-element elementor-element-c18ecf1 e-flex e-con-boxed e-con e-parent\" data-id=\"c18ecf1\" data-element_type=\"container\" data-settings=\"{&quot;background_background&quot;:&quot;classic&quot;}\">\n\t\t\t\t\t<div class=\"e-con-inner\">\n\t\t\t\t<div class=\"elementor-element elementor-element-133a1f5 elementor-widget elementor-widget-heading\" data-id=\"133a1f5\" data-element_type=\"widget\" data-widget_type=\"heading.default\">\n\t\t\t\t<div class=\"elementor-widget-container\">\n\t\t\t\t\t<h2 class=\"elementor-heading-title elementor-size-default\">Estudio Voxibot<\/h2>\t\t\t\t<\/div>\n\t\t\t\t<\/div>\n\t\t<div class=\"elementor-element elementor-element-a2c41e5 e-flex e-con-boxed e-con e-child\" data-id=\"a2c41e5\" data-element_type=\"container\">\n\t\t\t\t\t<div class=\"e-con-inner\">\n\t\t<div class=\"elementor-element elementor-element-8949e76 e-con-full e-flex e-con e-child\" data-id=\"8949e76\" data-element_type=\"container\">\n\t\t\t\t<div class=\"elementor-element elementor-element-301cf92 elementor-widget elementor-widget-text-editor\" data-id=\"301cf92\" data-element_type=\"widget\" data-widget_type=\"text-editor.default\">\n\t\t\t\t<div class=\"elementor-widget-container\">\n\t\t\t\t\t\t\t\t\t<p>La plataforma VOXIBOT es un <strong>orquestador<\/strong> para crear y gestionar asistentes de voz digitales que van :<\/p>\n<ul>\n<li><strong>Entender<\/strong> lo que quiere el solicitante,<\/li>\n<li><strong>Responder<\/strong> inmediatamente con la mejor respuesta,<\/li>\n<li><strong>Moderar<\/strong> la relaci\u00f3n para transformar las quejas en satisfacci\u00f3n.<\/li>\n<\/ul>\n\t\t\t\t\t\t\t\t<\/div>\n\t\t\t\t<\/div>\n\t\t\t\t<\/div>\n\t\t<div class=\"elementor-element elementor-element-a909905 e-flex e-con-boxed e-con e-child\" data-id=\"a909905\" data-element_type=\"container\">\n\t\t\t\t\t<div class=\"e-con-inner\">\n\t\t\t\t<div class=\"elementor-element elementor-element-056da25 elementor-widget elementor-widget-text-editor\" data-id=\"056da25\" data-element_type=\"widget\" data-widget_type=\"text-editor.default\">\n\t\t\t\t<div class=\"elementor-widget-container\">\n\t\t\t\t\t\t\t\t\t<p>Para ello, la plataforma VOXIBOT realiza diversas operaciones que permiten al callbot cumplir su misi\u00f3n y alcanzar sus objetivos:<\/p>\n<ul>\n<li>Gesti\u00f3n y automatizaci\u00f3n de un gran n\u00famero de llamadas simult\u00e1neamente.<\/li>\n<li>Dirigir la conversaci\u00f3n seg\u00fan una estrategia de di\u00e1logo predefinida<\/li>\n<li>Grabaci\u00f3n de la informaci\u00f3n intercambiada y recogida durante las llamadas,<\/li>\n<li>Provisi\u00f3n de datos y estad\u00edsticas de llamadas (qui\u00e9n llama, cu\u00e1ndo, por qu\u00e9 motivo, etc.)<\/li>\n<li>Explotaci\u00f3n de los datos de los clientes mediante la interconexi\u00f3n con los sistemas CRM y ERP.<\/li>\n<\/ul>\n\t\t\t\t\t\t\t\t<\/div>\n\t\t\t\t<\/div>\n\t\t\t\t\t<\/div>\n\t\t\t\t<\/div>\n\t\t\t\t\t<\/div>\n\t\t\t\t<\/div>\n\t\t\t\t<div class=\"elementor-element elementor-element-65b931a elementor-widget elementor-widget-text-editor\" data-id=\"65b931a\" data-element_type=\"widget\" data-widget_type=\"text-editor.default\">\n\t\t\t\t<div class=\"elementor-widget-container\">\n\t\t\t\t\t\t\t\t\t<p>Todos estos servicios pueden ser accedidos y monitorizados desde VOXIBOT Studio.<\/p>\n\t\t\t\t\t\t\t\t<\/div>\n\t\t\t\t<\/div>\n\t\t\t\t\t<\/div>\n\t\t\t\t<\/div>\n\t\t<div class=\"elementor-element elementor-element-2445849 e-flex e-con-boxed e-con e-parent\" data-id=\"2445849\" data-element_type=\"container\" data-settings=\"{&quot;background_background&quot;:&quot;classic&quot;,&quot;shape_divider_bottom&quot;:&quot;triangle-asymmetrical&quot;,&quot;shape_divider_top&quot;:&quot;triangle-asymmetrical&quot;}\">\n\t\t\t\t\t<div class=\"e-con-inner\">\n\t\t\t\t<div class=\"elementor-shape elementor-shape-top\" aria-hidden=\"true\" data-negative=\"false\">\n\t\t\t<svg xmlns=\"http:\/\/www.w3.org\/2000\/svg\" viewBox=\"0 0 1000 100\" preserveAspectRatio=\"none\">\n\t<path class=\"elementor-shape-fill\" d=\"M738,99l262-93V0H0v5.6L738,99z\"\/>\n<\/svg>\t\t<\/div>\n\t\t\t\t<div class=\"elementor-shape elementor-shape-bottom\" aria-hidden=\"true\" data-negative=\"false\">\n\t\t\t<svg xmlns=\"http:\/\/www.w3.org\/2000\/svg\" viewBox=\"0 0 1000 100\" preserveAspectRatio=\"none\">\n\t<path class=\"elementor-shape-fill\" d=\"M738,99l262-93V0H0v5.6L738,99z\"\/>\n<\/svg>\t\t<\/div>\n\t\t\t\t<div class=\"elementor-element elementor-element-e9b5f42 elementor-widget elementor-widget-heading\" data-id=\"e9b5f42\" data-element_type=\"widget\" data-widget_type=\"heading.default\">\n\t\t\t\t<div class=\"elementor-widget-container\">\n\t\t\t\t\t<h2 class=\"elementor-heading-title elementor-size-default\">Una interfaz web segura y sencilla\n<\/h2>\t\t\t\t<\/div>\n\t\t\t\t<\/div>\n\t\t<div class=\"elementor-element elementor-element-adc49f7 e-flex e-con-boxed e-con e-child\" data-id=\"adc49f7\" data-element_type=\"container\">\n\t\t\t\t\t<div class=\"e-con-inner\">\n\t\t<div class=\"elementor-element elementor-element-e732b8d e-flex e-con-boxed e-con e-child\" data-id=\"e732b8d\" data-element_type=\"container\">\n\t\t\t\t\t<div class=\"e-con-inner\">\n\t\t\t\t<div class=\"elementor-element elementor-element-6fdbf93 elementor-widget elementor-widget-image\" data-id=\"6fdbf93\" data-element_type=\"widget\" data-settings=\"{&quot;motion_fx_motion_fx_scrolling&quot;:&quot;yes&quot;,&quot;motion_fx_translateY_effect&quot;:&quot;yes&quot;,&quot;motion_fx_translateY_speed&quot;:{&quot;unit&quot;:&quot;px&quot;,&quot;size&quot;:2,&quot;sizes&quot;:[]},&quot;motion_fx_devices&quot;:[&quot;desktop&quot;,&quot;tablet&quot;],&quot;motion_fx_translateY_affectedRange&quot;:{&quot;unit&quot;:&quot;%&quot;,&quot;size&quot;:&quot;&quot;,&quot;sizes&quot;:{&quot;start&quot;:0,&quot;end&quot;:100}}}\" data-widget_type=\"image.default\">\n\t\t\t\t<div class=\"elementor-widget-container\">\n\t\t\t\t\t\t\t\t\t\t\t\t\t\t\t<img fetchpriority=\"high\" decoding=\"async\" width=\"800\" height=\"538\" src=\"https:\/\/www.voxibot.ai\/wp-content\/uploads\/2024\/03\/studio1-1024x688.png\" class=\"attachment-large size-large wp-image-2510\" alt=\"\" srcset=\"https:\/\/www.voxibot.ai\/wp-content\/uploads\/2024\/03\/studio1-1024x688.png 1024w, https:\/\/www.voxibot.ai\/wp-content\/uploads\/2024\/03\/studio1-300x202.png 300w, https:\/\/www.voxibot.ai\/wp-content\/uploads\/2024\/03\/studio1-768x516.png 768w, https:\/\/www.voxibot.ai\/wp-content\/uploads\/2024\/03\/studio1.png 1500w\" sizes=\"(max-width: 800px) 100vw, 800px\" \/>\t\t\t\t\t\t\t\t\t\t\t\t\t\t\t<\/div>\n\t\t\t\t<\/div>\n\t\t\t\t\t<\/div>\n\t\t\t\t<\/div>\n\t\t<div class=\"elementor-element elementor-element-e70478c e-flex e-con-boxed e-con e-child\" data-id=\"e70478c\" data-element_type=\"container\">\n\t\t\t\t\t<div class=\"e-con-inner\">\n\t\t\t\t<div class=\"elementor-element elementor-element-002fad1 elementor-widget elementor-widget-text-editor\" data-id=\"002fad1\" data-element_type=\"widget\" data-widget_type=\"text-editor.default\">\n\t\t\t\t<div class=\"elementor-widget-container\">\n\t\t\t\t\t\t\t\t\t<p>VOXIBOT STUDIO es una <strong>aplicaci\u00f3n web<\/strong> <strong>segura<\/strong> y <strong>sencilla<\/strong> dise\u00f1ada para ayudarle a gestionar su agente conversacional de forma eficaz.<\/p>\n<p>Esta plataforma le permite definir y <strong>personalizar las interacciones con su agente conversacional por tel\u00e9fono. <\/strong> Puede configurar varios escenarios, en particular para gestionar el saludo, ofrecer opciones si el agente no est\u00e1 seguro, gestionar los malentendidos y expresar satisfacci\u00f3n.<\/p>\n<p>Adem\u00e1s, VOXIBOT STUDIO le permite construir y mejorar de forma independiente los conocimientos comerciales de su asistente conversacional. Puede integrar preguntas y respuestas, as\u00ed como t\u00e9rminos t\u00e9cnicos relevantes para su misi\u00f3n.<\/p>\n\t\t\t\t\t\t\t\t<\/div>\n\t\t\t\t<\/div>\n\t\t\t\t\t<\/div>\n\t\t\t\t<\/div>\n\t\t\t\t\t<\/div>\n\t\t\t\t<\/div>\n\t\t\t\t\t<\/div>\n\t\t\t\t<\/div>\n\t\t<div class=\"elementor-element elementor-element-e0f907f e-flex e-con-boxed e-con e-parent\" data-id=\"e0f907f\" data-element_type=\"container\" data-settings=\"{&quot;background_background&quot;:&quot;gradient&quot;}\">\n\t\t\t\t\t<div class=\"e-con-inner\">\n\t\t<div class=\"elementor-element elementor-element-1c9a74e e-flex e-con-boxed e-con e-child\" data-id=\"1c9a74e\" data-element_type=\"container\">\n\t\t\t\t\t<div class=\"e-con-inner\">\n\t\t\t\t<div class=\"elementor-element elementor-element-d654654 elementor-widget elementor-widget-text-editor\" data-id=\"d654654\" data-element_type=\"widget\" data-widget_type=\"text-editor.default\">\n\t\t\t\t<div class=\"elementor-widget-container\">\n\t\t\t\t\t\t\t\t\t<p>La plataforma tambi\u00e9n ofrece <strong>un seguimiento detallado de la actividad<\/strong> de su agente conversacional a trav\u00e9s de diversos cuadros de mando. Estos indicadores incluyen el n\u00famero de conversaciones, visitantes y preguntas formuladas, as\u00ed como la tasa de malentendidos y los temas m\u00e1s populares. Estos datos pueden exportarse f\u00e1cilmente para un an\u00e1lisis en profundidad. Con estas m\u00e9tricas, puede <strong>analizar las interacciones<\/strong> de su asistente conversacional y <strong>ajustar su estrategia<\/strong> en consecuencia <strong>para una optimizaci\u00f3n continua.<\/strong><\/p>\n<p>VOXIBOT STUDIO ofrece <strong> herramientas para analizar la comprensi\u00f3n<\/strong> de su agente, permiti\u00e9ndole <strong>identificar peticiones<\/strong> mal entendidas, respuestas imprecisas y lagunas tem\u00e1ticas. Esta funcionalidad le ayuda a <strong>enriquecer los conocimientos<\/strong> de su agente, garantizando una mayor satisfacci\u00f3n del usuario y <strong>fomentando su compromiso<\/strong> con este agente digital.<\/p>\n\t\t\t\t\t\t\t\t<\/div>\n\t\t\t\t<\/div>\n\t\t\t\t\t<\/div>\n\t\t\t\t<\/div>\n\t\t<div class=\"elementor-element elementor-element-d85753a e-con-full e-flex e-con e-child\" data-id=\"d85753a\" data-element_type=\"container\">\n\t\t\t\t<div class=\"elementor-element elementor-element-41b4152 elementor-widget elementor-widget-image\" data-id=\"41b4152\" data-element_type=\"widget\" data-settings=\"{&quot;motion_fx_motion_fx_scrolling&quot;:&quot;yes&quot;,&quot;motion_fx_translateY_effect&quot;:&quot;yes&quot;,&quot;motion_fx_translateY_speed&quot;:{&quot;unit&quot;:&quot;px&quot;,&quot;size&quot;:2,&quot;sizes&quot;:[]},&quot;motion_fx_devices&quot;:[&quot;desktop&quot;,&quot;tablet&quot;],&quot;motion_fx_translateY_affectedRange&quot;:{&quot;unit&quot;:&quot;%&quot;,&quot;size&quot;:&quot;&quot;,&quot;sizes&quot;:{&quot;start&quot;:0,&quot;end&quot;:100}}}\" data-widget_type=\"image.default\">\n\t\t\t\t<div class=\"elementor-widget-container\">\n\t\t\t\t\t\t\t\t\t\t\t\t\t\t\t<img decoding=\"async\" width=\"800\" height=\"538\" src=\"https:\/\/www.voxibot.ai\/wp-content\/uploads\/2024\/03\/studio2-1024x688.png\" class=\"attachment-large size-large wp-image-2511\" alt=\"\" srcset=\"https:\/\/www.voxibot.ai\/wp-content\/uploads\/2024\/03\/studio2-1024x688.png 1024w, https:\/\/www.voxibot.ai\/wp-content\/uploads\/2024\/03\/studio2-300x202.png 300w, https:\/\/www.voxibot.ai\/wp-content\/uploads\/2024\/03\/studio2-768x516.png 768w, https:\/\/www.voxibot.ai\/wp-content\/uploads\/2024\/03\/studio2.png 1500w\" sizes=\"(max-width: 800px) 100vw, 800px\" \/>\t\t\t\t\t\t\t\t\t\t\t\t\t\t\t<\/div>\n\t\t\t\t<\/div>\n\t\t\t\t<\/div>\n\t\t\t\t\t<\/div>\n\t\t\t\t<\/div>\n\t\t\t\t<\/div>\n\t\t","protected":false},"excerpt":{"rendered":"<p>Estudio Voxibot La plataforma VOXIBOT es un orquestador para crear y gestionar asistentes de voz digitales que van : Entender lo que quiere el solicitante, Responder inmediatamente con la mejor respuesta, Moderar la relaci\u00f3n para transformar las quejas en satisfacci\u00f3n. Para ello, la plataforma VOXIBOT realiza diversas operaciones que permiten al callbot cumplir su misi\u00f3n [&hellip;]<\/p>\n","protected":false},"author":2,"featured_media":0,"parent":2608,"menu_order":0,"comment_status":"closed","ping_status":"closed","template":"elementor_header_footer","meta":{"_acf_changed":false,"footnotes":""},"class_list":["post-2637","page","type-page","status-publish","hentry"],"acf":[],"yoast_head":"<!-- This site is optimized with the Yoast SEO plugin v25.4 - https:\/\/yoast.com\/wordpress\/plugins\/seo\/ -->\n<title>Plataforma de inteligencia artificial para gestionar sus asistentes de voz<\/title>\n<meta name=\"description\" content=\"VOXIBOT Studio ofrece una interfaz segura y f\u00e1cil de usar para configurar, personalizar y controlar su agente conversacional de voz.\" \/>\n<meta name=\"robots\" content=\"index, follow, max-snippet:-1, max-image-preview:large, max-video-preview:-1\" \/>\n<link rel=\"canonical\" href=\"https:\/\/www.voxibot.ai\/es\/plataforma-de-ia\/estudio-voxibot\/\" \/>\n<meta property=\"og:locale\" content=\"es_ES\" \/>\n<meta property=\"og:type\" content=\"article\" \/>\n<meta property=\"og:title\" content=\"Plataforma de inteligencia artificial para gestionar sus asistentes de voz\" \/>\n<meta property=\"og:description\" content=\"VOXIBOT Studio ofrece una interfaz segura y f\u00e1cil de usar para configurar, personalizar y controlar su agente conversacional de voz.\" \/>\n<meta property=\"og:url\" content=\"https:\/\/www.voxibot.ai\/es\/plataforma-de-ia\/estudio-voxibot\/\" \/>\n<meta property=\"og:site_name\" content=\"Voxibot\" \/>\n<meta property=\"article:modified_time\" content=\"2024-06-11T06:44:38+00:00\" \/>\n<meta property=\"og:image\" content=\"https:\/\/www.voxibot.ai\/wp-content\/uploads\/2024\/03\/studio1-1024x688.png\" \/>\n<meta name=\"twitter:card\" content=\"summary_large_image\" \/>\n<meta name=\"twitter:label1\" content=\"Tiempo de lectura\" \/>\n\t<meta name=\"twitter:data1\" content=\"2 minutos\" \/>\n<script type=\"application\/ld+json\" class=\"yoast-schema-graph\">{\"@context\":\"https:\/\/schema.org\",\"@graph\":[{\"@type\":\"WebPage\",\"@id\":\"https:\/\/www.voxibot.ai\/es\/plataforma-de-ia\/estudio-voxibot\/\",\"url\":\"https:\/\/www.voxibot.ai\/es\/plataforma-de-ia\/estudio-voxibot\/\",\"name\":\"Plataforma de inteligencia artificial para gestionar sus asistentes de voz\",\"isPartOf\":{\"@id\":\"https:\/\/www.voxibot.ai\/es\/#website\"},\"primaryImageOfPage\":{\"@id\":\"https:\/\/www.voxibot.ai\/es\/plataforma-de-ia\/estudio-voxibot\/#primaryimage\"},\"image\":{\"@id\":\"https:\/\/www.voxibot.ai\/es\/plataforma-de-ia\/estudio-voxibot\/#primaryimage\"},\"thumbnailUrl\":\"https:\/\/www.voxibot.ai\/wp-content\/uploads\/2024\/03\/studio1-1024x688.png\",\"datePublished\":\"2024-03-07T07:48:54+00:00\",\"dateModified\":\"2024-06-11T06:44:38+00:00\",\"description\":\"VOXIBOT Studio ofrece una interfaz segura y f\u00e1cil de usar para configurar, personalizar y controlar su agente conversacional de voz.\",\"breadcrumb\":{\"@id\":\"https:\/\/www.voxibot.ai\/es\/plataforma-de-ia\/estudio-voxibot\/#breadcrumb\"},\"inLanguage\":\"es\",\"potentialAction\":[{\"@type\":\"ReadAction\",\"target\":[\"https:\/\/www.voxibot.ai\/es\/plataforma-de-ia\/estudio-voxibot\/\"]}]},{\"@type\":\"ImageObject\",\"inLanguage\":\"es\",\"@id\":\"https:\/\/www.voxibot.ai\/es\/plataforma-de-ia\/estudio-voxibot\/#primaryimage\",\"url\":\"https:\/\/www.voxibot.ai\/wp-content\/uploads\/2024\/03\/studio1-1024x688.png\",\"contentUrl\":\"https:\/\/www.voxibot.ai\/wp-content\/uploads\/2024\/03\/studio1-1024x688.png\"},{\"@type\":\"BreadcrumbList\",\"@id\":\"https:\/\/www.voxibot.ai\/es\/plataforma-de-ia\/estudio-voxibot\/#breadcrumb\",\"itemListElement\":[{\"@type\":\"ListItem\",\"position\":1,\"name\":\"Accueil\",\"item\":\"https:\/\/www.voxibot.ai\/es\/\"},{\"@type\":\"ListItem\",\"position\":2,\"name\":\"Plataforma de IA\",\"item\":\"https:\/\/www.voxibot.ai\/es\/plataforma-de-ia\/\"},{\"@type\":\"ListItem\",\"position\":3,\"name\":\"Estudio Voxibot\"}]},{\"@type\":\"WebSite\",\"@id\":\"https:\/\/www.voxibot.ai\/es\/#website\",\"url\":\"https:\/\/www.voxibot.ai\/es\/\",\"name\":\"Voxibot\",\"description\":\"L&#039;alli\u00e9 vocal de votre service clien tau t\u00e9l\u00e9phone\",\"publisher\":{\"@id\":\"https:\/\/www.voxibot.ai\/es\/#organization\"},\"potentialAction\":[{\"@type\":\"SearchAction\",\"target\":{\"@type\":\"EntryPoint\",\"urlTemplate\":\"https:\/\/www.voxibot.ai\/es\/?s={search_term_string}\"},\"query-input\":{\"@type\":\"PropertyValueSpecification\",\"valueRequired\":true,\"valueName\":\"search_term_string\"}}],\"inLanguage\":\"es\"},{\"@type\":\"Organization\",\"@id\":\"https:\/\/www.voxibot.ai\/es\/#organization\",\"name\":\"Voxibot\",\"url\":\"https:\/\/www.voxibot.ai\/es\/\",\"logo\":{\"@type\":\"ImageObject\",\"inLanguage\":\"es\",\"@id\":\"https:\/\/www.voxibot.ai\/es\/#\/schema\/logo\/image\/\",\"url\":\"https:\/\/www.voxibot.ai\/wp-content\/uploads\/2024\/03\/Voxibot.png\",\"contentUrl\":\"https:\/\/www.voxibot.ai\/wp-content\/uploads\/2024\/03\/Voxibot.png\",\"width\":2646,\"height\":788,\"caption\":\"Voxibot\"},\"image\":{\"@id\":\"https:\/\/www.voxibot.ai\/es\/#\/schema\/logo\/image\/\"},\"sameAs\":[\"https:\/\/www.linkedin.com\/showcase\/voxibot\/\"]}]}<\/script>\n<!-- \/ Yoast SEO plugin. -->","yoast_head_json":{"title":"Plataforma de inteligencia artificial para gestionar sus asistentes de voz","description":"VOXIBOT Studio ofrece una interfaz segura y f\u00e1cil de usar para configurar, personalizar y controlar su agente conversacional de voz.","robots":{"index":"index","follow":"follow","max-snippet":"max-snippet:-1","max-image-preview":"max-image-preview:large","max-video-preview":"max-video-preview:-1"},"canonical":"https:\/\/www.voxibot.ai\/es\/plataforma-de-ia\/estudio-voxibot\/","og_locale":"es_ES","og_type":"article","og_title":"Plataforma de inteligencia artificial para gestionar sus asistentes de voz","og_description":"VOXIBOT Studio ofrece una interfaz segura y f\u00e1cil de usar para configurar, personalizar y controlar su agente conversacional de voz.","og_url":"https:\/\/www.voxibot.ai\/es\/plataforma-de-ia\/estudio-voxibot\/","og_site_name":"Voxibot","article_modified_time":"2024-06-11T06:44:38+00:00","og_image":[{"url":"https:\/\/www.voxibot.ai\/wp-content\/uploads\/2024\/03\/studio1-1024x688.png","type":"","width":"","height":""}],"twitter_card":"summary_large_image","twitter_misc":{"Tiempo de lectura":"2 minutos"},"schema":{"@context":"https:\/\/schema.org","@graph":[{"@type":"WebPage","@id":"https:\/\/www.voxibot.ai\/es\/plataforma-de-ia\/estudio-voxibot\/","url":"https:\/\/www.voxibot.ai\/es\/plataforma-de-ia\/estudio-voxibot\/","name":"Plataforma de inteligencia artificial para gestionar sus asistentes de voz","isPartOf":{"@id":"https:\/\/www.voxibot.ai\/es\/#website"},"primaryImageOfPage":{"@id":"https:\/\/www.voxibot.ai\/es\/plataforma-de-ia\/estudio-voxibot\/#primaryimage"},"image":{"@id":"https:\/\/www.voxibot.ai\/es\/plataforma-de-ia\/estudio-voxibot\/#primaryimage"},"thumbnailUrl":"https:\/\/www.voxibot.ai\/wp-content\/uploads\/2024\/03\/studio1-1024x688.png","datePublished":"2024-03-07T07:48:54+00:00","dateModified":"2024-06-11T06:44:38+00:00","description":"VOXIBOT Studio ofrece una interfaz segura y f\u00e1cil de usar para configurar, personalizar y controlar su agente conversacional de voz.","breadcrumb":{"@id":"https:\/\/www.voxibot.ai\/es\/plataforma-de-ia\/estudio-voxibot\/#breadcrumb"},"inLanguage":"es","potentialAction":[{"@type":"ReadAction","target":["https:\/\/www.voxibot.ai\/es\/plataforma-de-ia\/estudio-voxibot\/"]}]},{"@type":"ImageObject","inLanguage":"es","@id":"https:\/\/www.voxibot.ai\/es\/plataforma-de-ia\/estudio-voxibot\/#primaryimage","url":"https:\/\/www.voxibot.ai\/wp-content\/uploads\/2024\/03\/studio1-1024x688.png","contentUrl":"https:\/\/www.voxibot.ai\/wp-content\/uploads\/2024\/03\/studio1-1024x688.png"},{"@type":"BreadcrumbList","@id":"https:\/\/www.voxibot.ai\/es\/plataforma-de-ia\/estudio-voxibot\/#breadcrumb","itemListElement":[{"@type":"ListItem","position":1,"name":"Accueil","item":"https:\/\/www.voxibot.ai\/es\/"},{"@type":"ListItem","position":2,"name":"Plataforma de IA","item":"https:\/\/www.voxibot.ai\/es\/plataforma-de-ia\/"},{"@type":"ListItem","position":3,"name":"Estudio Voxibot"}]},{"@type":"WebSite","@id":"https:\/\/www.voxibot.ai\/es\/#website","url":"https:\/\/www.voxibot.ai\/es\/","name":"Voxibot","description":"L&#039;alli\u00e9 vocal de votre service clien tau t\u00e9l\u00e9phone","publisher":{"@id":"https:\/\/www.voxibot.ai\/es\/#organization"},"potentialAction":[{"@type":"SearchAction","target":{"@type":"EntryPoint","urlTemplate":"https:\/\/www.voxibot.ai\/es\/?s={search_term_string}"},"query-input":{"@type":"PropertyValueSpecification","valueRequired":true,"valueName":"search_term_string"}}],"inLanguage":"es"},{"@type":"Organization","@id":"https:\/\/www.voxibot.ai\/es\/#organization","name":"Voxibot","url":"https:\/\/www.voxibot.ai\/es\/","logo":{"@type":"ImageObject","inLanguage":"es","@id":"https:\/\/www.voxibot.ai\/es\/#\/schema\/logo\/image\/","url":"https:\/\/www.voxibot.ai\/wp-content\/uploads\/2024\/03\/Voxibot.png","contentUrl":"https:\/\/www.voxibot.ai\/wp-content\/uploads\/2024\/03\/Voxibot.png","width":2646,"height":788,"caption":"Voxibot"},"image":{"@id":"https:\/\/www.voxibot.ai\/es\/#\/schema\/logo\/image\/"},"sameAs":["https:\/\/www.linkedin.com\/showcase\/voxibot\/"]}]}},"_links":{"self":[{"href":"https:\/\/www.voxibot.ai\/es\/wp-json\/wp\/v2\/pages\/2637","targetHints":{"allow":["GET"]}}],"collection":[{"href":"https:\/\/www.voxibot.ai\/es\/wp-json\/wp\/v2\/pages"}],"about":[{"href":"https:\/\/www.voxibot.ai\/es\/wp-json\/wp\/v2\/types\/page"}],"author":[{"embeddable":true,"href":"https:\/\/www.voxibot.ai\/es\/wp-json\/wp\/v2\/users\/2"}],"replies":[{"embeddable":true,"href":"https:\/\/www.voxibot.ai\/es\/wp-json\/wp\/v2\/comments?post=2637"}],"version-history":[{"count":1,"href":"https:\/\/www.voxibot.ai\/es\/wp-json\/wp\/v2\/pages\/2637\/revisions"}],"predecessor-version":[{"id":2638,"href":"https:\/\/www.voxibot.ai\/es\/wp-json\/wp\/v2\/pages\/2637\/revisions\/2638"}],"up":[{"embeddable":true,"href":"https:\/\/www.voxibot.ai\/es\/wp-json\/wp\/v2\/pages\/2608"}],"wp:attachment":[{"href":"https:\/\/www.voxibot.ai\/es\/wp-json\/wp\/v2\/media?parent=2637"}],"curies":[{"name":"wp","href":"https:\/\/api.w.org\/{rel}","templated":true}]}}