{"id":2567,"date":"2024-03-07T08:48:53","date_gmt":"2024-03-07T07:48:53","guid":{"rendered":"https:\/\/www.voxibot.ai\/nuestros-callbots\/"},"modified":"2024-06-14T11:22:57","modified_gmt":"2024-06-14T09:22:57","slug":"nuestros-callbots","status":"publish","type":"page","link":"https:\/\/www.voxibot.ai\/es\/nuestros-callbots\/","title":{"rendered":"Nuestros callbots"},"content":{"rendered":"\t\t<div data-elementor-type=\"wp-page\" data-elementor-id=\"2567\" class=\"elementor elementor-2567 elementor-29\" data-elementor-post-type=\"page\">\n\t\t\t\t<div class=\"elementor-element elementor-element-367a3fc e-flex e-con-boxed e-con e-parent\" data-id=\"367a3fc\" data-element_type=\"container\" data-settings=\"{&quot;background_background&quot;:&quot;classic&quot;}\">\n\t\t\t\t\t<div class=\"e-con-inner\">\n\t\t\t\t<div class=\"elementor-element elementor-element-4cda6f7 elementor-widget elementor-widget-heading\" data-id=\"4cda6f7\" data-element_type=\"widget\" data-widget_type=\"heading.default\">\n\t\t\t\t<div class=\"elementor-widget-container\">\n\t\t\t\t\t<h2 class=\"elementor-heading-title elementor-size-default\">Callbots inteligentes y \u00fatiles para sus clientes y agentes\n<\/h2>\t\t\t\t<\/div>\n\t\t\t\t<\/div>\n\t\t\t\t<div class=\"elementor-element elementor-element-2f53634 elementor-widget elementor-widget-text-editor\" data-id=\"2f53634\" data-element_type=\"widget\" data-widget_type=\"text-editor.default\">\n\t\t\t\t<div class=\"elementor-widget-container\">\n\t\t\t\t\t\t\t\t\t<p>Descubra c\u00f3mo nuestros callbots est\u00e1n revolucionando la experiencia del cliente por tel\u00e9fono gracias a su avanzada inteligencia artificial, sin degradar el servicio prestado. Tanto si busca optimizar la satisfacci\u00f3n del cliente, reducir los tiempos de espera o automatizar tareas repetitivas, los callbots ofrecen soluciones innovadoras para satisfacer las necesidades de su empresa. Mucho m\u00e1s que un simple callbot, Voxibot es un aut\u00e9ntico asistente de voz telef\u00f3nico, disponible las 24\/7, para ofrecer respuestas r\u00e1pidas y eficaces.<\/p>\n\t\t\t\t\t\t\t\t<\/div>\n\t\t\t\t<\/div>\n\t\t\t\t\t<\/div>\n\t\t\t\t<\/div>\n\t\t<div class=\"elementor-element elementor-element-6f9d95e e-con-full e-flex e-con e-parent\" data-id=\"6f9d95e\" data-element_type=\"container\" data-settings=\"{&quot;background_background&quot;:&quot;classic&quot;}\">\n\t\t<div class=\"elementor-element elementor-element-a3fb8de e-flex e-con-boxed e-con e-child\" data-id=\"a3fb8de\" data-element_type=\"container\">\n\t\t\t\t\t<div class=\"e-con-inner\">\n\t\t\t\t<div class=\"elementor-element elementor-element-5432973 elementor-widget elementor-widget-heading\" data-id=\"5432973\" data-element_type=\"widget\" data-widget_type=\"heading.default\">\n\t\t\t\t<div class=\"elementor-widget-container\">\n\t\t\t\t\t<h3 class=\"elementor-heading-title elementor-size-default\">Sum\u00e9rjase en el mundo de los callbots y explore las ventajas que pueden aportar a su servicio de atenci\u00f3n al cliente.<\/h3>\t\t\t\t<\/div>\n\t\t\t\t<\/div>\n\t\t\t\t\t<\/div>\n\t\t\t\t<\/div>\n\t\t<div class=\"elementor-element elementor-element-7d09af1 e-flex e-con-boxed e-con e-child\" data-id=\"7d09af1\" data-element_type=\"container\">\n\t\t\t\t\t<div class=\"e-con-inner\">\n\t\t\t\t<div class=\"elementor-element elementor-element-fd4c17a elementor-cta--skin-cover elementor-cta--valign-middle elementor-animated-content elementor-widget elementor-widget-call-to-action\" data-id=\"fd4c17a\" data-element_type=\"widget\" data-widget_type=\"call-to-action.default\">\n\t\t\t\t<div class=\"elementor-widget-container\">\n\t\t\t\t\t\t\t<a class=\"elementor-cta\" href=\"https:\/\/www.voxibot.ai\/es\/nuestros-callbots\/por-que-un-callbot\/\">\n\t\t\t\t\t<div class=\"elementor-cta__bg-wrapper\">\n\t\t\t\t<div class=\"elementor-cta__bg elementor-bg\" style=\"background-image: url();\" role=\"img\" aria-label=\"\"><\/div>\n\t\t\t\t<div class=\"elementor-cta__bg-overlay\"><\/div>\n\t\t\t<\/div>\n\t\t\t\t\t\t\t<div class=\"elementor-cta__content\">\n\t\t\t\t\n\t\t\t\t\t\t\t\t\t<h2 class=\"elementor-cta__title elementor-cta__content-item elementor-content-item elementor-animated-item--grow\">\n\t\t\t\t\t\t\u00bfPor qu\u00e9<br>un callbot?\t\t\t\t\t<\/h2>\n\t\t\t\t\n\t\t\t\t\n\t\t\t\t\t\t\t<\/div>\n\t\t\t\t\t\t<\/a>\n\t\t\t\t\t\t<\/div>\n\t\t\t\t<\/div>\n\t\t\t\t<div class=\"elementor-element elementor-element-2c1ae75 elementor-cta--skin-cover elementor-cta--valign-middle elementor-animated-content elementor-widget elementor-widget-call-to-action\" data-id=\"2c1ae75\" data-element_type=\"widget\" data-widget_type=\"call-to-action.default\">\n\t\t\t\t<div class=\"elementor-widget-container\">\n\t\t\t\t\t\t\t<a class=\"elementor-cta\" href=\"https:\/\/www.voxibot.ai\/es\/nuestros-callbots\/reservas-y-citas\/\">\n\t\t\t\t\t<div class=\"elementor-cta__bg-wrapper\">\n\t\t\t\t<div class=\"elementor-cta__bg elementor-bg\" style=\"background-image: url();\" role=\"img\" aria-label=\"\"><\/div>\n\t\t\t\t<div class=\"elementor-cta__bg-overlay\"><\/div>\n\t\t\t<\/div>\n\t\t\t\t\t\t\t<div class=\"elementor-cta__content\">\n\t\t\t\t\n\t\t\t\t\t\t\t\t\t<h2 class=\"elementor-cta__title elementor-cta__content-item elementor-content-item elementor-animated-item--grow\">\n\t\t\t\t\t\tReserva<br>&amp; concertar una cita\t\t\t\t\t<\/h2>\n\t\t\t\t\n\t\t\t\t\n\t\t\t\t\t\t\t<\/div>\n\t\t\t\t\t\t<\/a>\n\t\t\t\t\t\t<\/div>\n\t\t\t\t<\/div>\n\t\t\t\t<div class=\"elementor-element elementor-element-f43d744 elementor-cta--skin-cover elementor-cta--valign-middle elementor-animated-content elementor-widget elementor-widget-call-to-action\" data-id=\"f43d744\" data-element_type=\"widget\" data-widget_type=\"call-to-action.default\">\n\t\t\t\t<div class=\"elementor-widget-container\">\n\t\t\t\t\t\t\t<a class=\"elementor-cta\" href=\"https:\/\/www.voxibot.ai\/es\/nuestros-callbots\/atencion-al-cliente\/\">\n\t\t\t\t\t<div class=\"elementor-cta__bg-wrapper\">\n\t\t\t\t<div class=\"elementor-cta__bg elementor-bg\" style=\"background-image: url();\" role=\"img\" aria-label=\"\"><\/div>\n\t\t\t\t<div class=\"elementor-cta__bg-overlay\"><\/div>\n\t\t\t<\/div>\n\t\t\t\t\t\t\t<div class=\"elementor-cta__content\">\n\t\t\t\t\n\t\t\t\t\t\t\t\t\t<h2 class=\"elementor-cta__title elementor-cta__content-item elementor-content-item elementor-animated-item--grow\">\n\t\t\t\t\t\tSoporte<br>cliente\t\t\t\t\t<\/h2>\n\t\t\t\t\n\t\t\t\t\n\t\t\t\t\t\t\t<\/div>\n\t\t\t\t\t\t<\/a>\n\t\t\t\t\t\t<\/div>\n\t\t\t\t<\/div>\n\t\t\t\t<div class=\"elementor-element elementor-element-60bb6d7 elementor-cta--skin-cover elementor-cta--valign-middle elementor-animated-content elementor-widget elementor-widget-call-to-action\" data-id=\"60bb6d7\" data-element_type=\"widget\" data-widget_type=\"call-to-action.default\">\n\t\t\t\t<div class=\"elementor-widget-container\">\n\t\t\t\t\t\t\t<a class=\"elementor-cta\" href=\"https:\/\/www.voxibot.ai\/es\/nuestros-callbots\/retail-y-comercio-electronico\/\">\n\t\t\t\t\t<div class=\"elementor-cta__bg-wrapper\">\n\t\t\t\t<div class=\"elementor-cta__bg elementor-bg\" style=\"background-image: url();\" role=\"img\" aria-label=\"\"><\/div>\n\t\t\t\t<div class=\"elementor-cta__bg-overlay\"><\/div>\n\t\t\t<\/div>\n\t\t\t\t\t\t\t<div class=\"elementor-cta__content\">\n\t\t\t\t\n\t\t\t\t\t\t\t\t\t<h2 class=\"elementor-cta__title elementor-cta__content-item elementor-content-item elementor-animated-item--grow\">\n\t\t\t\t\t\tRetail<br>comercio electr\u00f3nico\t\t\t\t\t<\/h2>\n\t\t\t\t\n\t\t\t\t\n\t\t\t\t\t\t\t<\/div>\n\t\t\t\t\t\t<\/a>\n\t\t\t\t\t\t<\/div>\n\t\t\t\t<\/div>\n\t\t\t\t<div class=\"elementor-element elementor-element-c56558a elementor-cta--skin-cover elementor-cta--valign-middle elementor-animated-content elementor-widget elementor-widget-call-to-action\" data-id=\"c56558a\" data-element_type=\"widget\" data-widget_type=\"call-to-action.default\">\n\t\t\t\t<div class=\"elementor-widget-container\">\n\t\t\t\t\t\t\t<a class=\"elementor-cta\" href=\"https:\/\/www.voxibot.ai\/es\/nuestros-callbots\/calificacion-y-seleccion-de-llamadas\/\">\n\t\t\t\t\t<div class=\"elementor-cta__bg-wrapper\">\n\t\t\t\t<div class=\"elementor-cta__bg elementor-bg\" style=\"background-image: url();\" role=\"img\" aria-label=\"\"><\/div>\n\t\t\t\t<div class=\"elementor-cta__bg-overlay\"><\/div>\n\t\t\t<\/div>\n\t\t\t\t\t\t\t<div class=\"elementor-cta__content\">\n\t\t\t\t\n\t\t\t\t\t\t\t\t\t<h2 class=\"elementor-cta__title elementor-cta__content-item elementor-content-item elementor-animated-item--grow\">\n\t\t\t\t\t\tCualificaci\u00f3n<br>&amp; filtrado de llamadas\t\t\t\t\t<\/h2>\n\t\t\t\t\n\t\t\t\t\n\t\t\t\t\t\t\t<\/div>\n\t\t\t\t\t\t<\/a>\n\t\t\t\t\t\t<\/div>\n\t\t\t\t<\/div>\n\t\t\t\t<div class=\"elementor-element elementor-element-38a0e07 elementor-cta--skin-cover elementor-cta--valign-middle elementor-animated-content elementor-widget elementor-widget-call-to-action\" data-id=\"38a0e07\" data-element_type=\"widget\" data-widget_type=\"call-to-action.default\">\n\t\t\t\t<div class=\"elementor-widget-container\">\n\t\t\t\t\t\t\t<a class=\"elementor-cta\" href=\"https:\/\/www.voxibot.ai\/es\/nuestros-callbots\/contratacion\/\">\n\t\t\t\t\t<div class=\"elementor-cta__bg-wrapper\">\n\t\t\t\t<div class=\"elementor-cta__bg elementor-bg\" style=\"background-image: url();\" role=\"img\" aria-label=\"\"><\/div>\n\t\t\t\t<div class=\"elementor-cta__bg-overlay\"><\/div>\n\t\t\t<\/div>\n\t\t\t\t\t\t\t<div class=\"elementor-cta__content\">\n\t\t\t\t\n\t\t\t\t\t\t\t\t\t<h2 class=\"elementor-cta__title elementor-cta__content-item elementor-content-item elementor-animated-item--grow\">\n\t\t\t\t\t\tContrataci\u00f3n\t\t\t\t\t<\/h2>\n\t\t\t\t\n\t\t\t\t\n\t\t\t\t\t\t\t<\/div>\n\t\t\t\t\t\t<\/a>\n\t\t\t\t\t\t<\/div>\n\t\t\t\t<\/div>\n\t\t\t\t<div class=\"elementor-element elementor-element-484b97f elementor-cta--skin-cover elementor-cta--valign-middle elementor-animated-content elementor-widget elementor-widget-call-to-action\" data-id=\"484b97f\" data-element_type=\"widget\" data-widget_type=\"call-to-action.default\">\n\t\t\t\t<div class=\"elementor-widget-container\">\n\t\t\t\t\t\t\t<a class=\"elementor-cta\" href=\"https:\/\/www.voxibot.ai\/es\/nuestros-callbots\/nuestro-apoyo\/\">\n\t\t\t\t\t<div class=\"elementor-cta__bg-wrapper\">\n\t\t\t\t<div class=\"elementor-cta__bg elementor-bg\" style=\"background-image: url();\" role=\"img\" aria-label=\"\"><\/div>\n\t\t\t\t<div class=\"elementor-cta__bg-overlay\"><\/div>\n\t\t\t<\/div>\n\t\t\t\t\t\t\t<div class=\"elementor-cta__content\">\n\t\t\t\t\n\t\t\t\t\t\t\t\t\t<h2 class=\"elementor-cta__title elementor-cta__content-item elementor-content-item elementor-animated-item--grow\">\n\t\t\t\t\t\tNuestro<br>apoyo\t\t\t\t\t<\/h2>\n\t\t\t\t\n\t\t\t\t\n\t\t\t\t\t\t\t<\/div>\n\t\t\t\t\t\t<\/a>\n\t\t\t\t\t\t<\/div>\n\t\t\t\t<\/div>\n\t\t\t\t\t<\/div>\n\t\t\t\t<\/div>\n\t\t\t\t<\/div>\n\t\t\t\t<\/div>\n\t\t","protected":false},"excerpt":{"rendered":"<p>Callbots inteligentes y \u00fatiles para sus clientes y agentes Descubra c\u00f3mo nuestros callbots est\u00e1n revolucionando la experiencia del cliente por tel\u00e9fono gracias a su avanzada inteligencia artificial, sin degradar el servicio prestado. Tanto si busca optimizar la satisfacci\u00f3n del cliente, reducir los tiempos de espera o automatizar tareas repetitivas, los callbots ofrecen soluciones innovadoras para [&hellip;]<\/p>\n","protected":false},"author":2,"featured_media":0,"parent":0,"menu_order":0,"comment_status":"closed","ping_status":"closed","template":"elementor_header_footer","meta":{"_acf_changed":false,"footnotes":""},"class_list":["post-2567","page","type-page","status-publish","hentry"],"acf":[],"yoast_head":"<!-- This site is optimized with the Yoast SEO plugin v25.4 - https:\/\/yoast.com\/wordpress\/plugins\/seo\/ -->\n<title>Nuestros callbots - Voxibot<\/title>\n<meta name=\"description\" content=\"Nuestros callbots est\u00e1n revolucionando la experiencia del cliente por tel\u00e9fono gracias a su avanzada inteligencia artificial, sin degradar el servicio prestado.\" \/>\n<meta name=\"robots\" content=\"index, follow, max-snippet:-1, max-image-preview:large, max-video-preview:-1\" \/>\n<link rel=\"canonical\" href=\"https:\/\/www.voxibot.ai\/es\/nuestros-callbots\/\" \/>\n<meta property=\"og:locale\" content=\"es_ES\" \/>\n<meta property=\"og:type\" content=\"article\" \/>\n<meta property=\"og:title\" content=\"Nuestros callbots - Voxibot\" \/>\n<meta property=\"og:description\" content=\"Nuestros callbots est\u00e1n revolucionando la experiencia del cliente por tel\u00e9fono gracias a su avanzada inteligencia artificial, sin degradar el servicio prestado.\" \/>\n<meta property=\"og:url\" content=\"https:\/\/www.voxibot.ai\/es\/nuestros-callbots\/\" \/>\n<meta property=\"og:site_name\" content=\"Voxibot\" \/>\n<meta property=\"article:modified_time\" content=\"2024-06-14T09:22:57+00:00\" \/>\n<meta name=\"twitter:card\" content=\"summary_large_image\" \/>\n<meta name=\"twitter:label1\" content=\"Tiempo de lectura\" \/>\n\t<meta name=\"twitter:data1\" content=\"1 minuto\" \/>\n<script type=\"application\/ld+json\" class=\"yoast-schema-graph\">{\"@context\":\"https:\/\/schema.org\",\"@graph\":[{\"@type\":\"WebPage\",\"@id\":\"https:\/\/www.voxibot.ai\/es\/nuestros-callbots\/\",\"url\":\"https:\/\/www.voxibot.ai\/es\/nuestros-callbots\/\",\"name\":\"Nuestros callbots - Voxibot\",\"isPartOf\":{\"@id\":\"https:\/\/www.voxibot.ai\/es\/#website\"},\"datePublished\":\"2024-03-07T07:48:53+00:00\",\"dateModified\":\"2024-06-14T09:22:57+00:00\",\"description\":\"Nuestros callbots est\u00e1n revolucionando la experiencia del cliente por tel\u00e9fono gracias a su avanzada inteligencia artificial, sin degradar el servicio prestado.\",\"breadcrumb\":{\"@id\":\"https:\/\/www.voxibot.ai\/es\/nuestros-callbots\/#breadcrumb\"},\"inLanguage\":\"es\",\"potentialAction\":[{\"@type\":\"ReadAction\",\"target\":[\"https:\/\/www.voxibot.ai\/es\/nuestros-callbots\/\"]}]},{\"@type\":\"BreadcrumbList\",\"@id\":\"https:\/\/www.voxibot.ai\/es\/nuestros-callbots\/#breadcrumb\",\"itemListElement\":[{\"@type\":\"ListItem\",\"position\":1,\"name\":\"Accueil\",\"item\":\"https:\/\/www.voxibot.ai\/es\/\"},{\"@type\":\"ListItem\",\"position\":2,\"name\":\"Nuestros callbots\"}]},{\"@type\":\"WebSite\",\"@id\":\"https:\/\/www.voxibot.ai\/es\/#website\",\"url\":\"https:\/\/www.voxibot.ai\/es\/\",\"name\":\"Voxibot\",\"description\":\"L&#039;alli\u00e9 vocal de votre service clien tau t\u00e9l\u00e9phone\",\"publisher\":{\"@id\":\"https:\/\/www.voxibot.ai\/es\/#organization\"},\"potentialAction\":[{\"@type\":\"SearchAction\",\"target\":{\"@type\":\"EntryPoint\",\"urlTemplate\":\"https:\/\/www.voxibot.ai\/es\/?s={search_term_string}\"},\"query-input\":{\"@type\":\"PropertyValueSpecification\",\"valueRequired\":true,\"valueName\":\"search_term_string\"}}],\"inLanguage\":\"es\"},{\"@type\":\"Organization\",\"@id\":\"https:\/\/www.voxibot.ai\/es\/#organization\",\"name\":\"Voxibot\",\"url\":\"https:\/\/www.voxibot.ai\/es\/\",\"logo\":{\"@type\":\"ImageObject\",\"inLanguage\":\"es\",\"@id\":\"https:\/\/www.voxibot.ai\/es\/#\/schema\/logo\/image\/\",\"url\":\"https:\/\/www.voxibot.ai\/wp-content\/uploads\/2024\/03\/Voxibot.png\",\"contentUrl\":\"https:\/\/www.voxibot.ai\/wp-content\/uploads\/2024\/03\/Voxibot.png\",\"width\":2646,\"height\":788,\"caption\":\"Voxibot\"},\"image\":{\"@id\":\"https:\/\/www.voxibot.ai\/es\/#\/schema\/logo\/image\/\"},\"sameAs\":[\"https:\/\/www.linkedin.com\/showcase\/voxibot\/\"]}]}<\/script>\n<!-- \/ Yoast SEO plugin. -->","yoast_head_json":{"title":"Nuestros callbots - Voxibot","description":"Nuestros callbots est\u00e1n revolucionando la experiencia del cliente por tel\u00e9fono gracias a su avanzada inteligencia artificial, sin degradar el servicio prestado.","robots":{"index":"index","follow":"follow","max-snippet":"max-snippet:-1","max-image-preview":"max-image-preview:large","max-video-preview":"max-video-preview:-1"},"canonical":"https:\/\/www.voxibot.ai\/es\/nuestros-callbots\/","og_locale":"es_ES","og_type":"article","og_title":"Nuestros callbots - Voxibot","og_description":"Nuestros callbots est\u00e1n revolucionando la experiencia del cliente por tel\u00e9fono gracias a su avanzada inteligencia artificial, sin degradar el servicio prestado.","og_url":"https:\/\/www.voxibot.ai\/es\/nuestros-callbots\/","og_site_name":"Voxibot","article_modified_time":"2024-06-14T09:22:57+00:00","twitter_card":"summary_large_image","twitter_misc":{"Tiempo de lectura":"1 minuto"},"schema":{"@context":"https:\/\/schema.org","@graph":[{"@type":"WebPage","@id":"https:\/\/www.voxibot.ai\/es\/nuestros-callbots\/","url":"https:\/\/www.voxibot.ai\/es\/nuestros-callbots\/","name":"Nuestros callbots - Voxibot","isPartOf":{"@id":"https:\/\/www.voxibot.ai\/es\/#website"},"datePublished":"2024-03-07T07:48:53+00:00","dateModified":"2024-06-14T09:22:57+00:00","description":"Nuestros callbots est\u00e1n revolucionando la experiencia del cliente por tel\u00e9fono gracias a su avanzada inteligencia artificial, sin degradar el servicio prestado.","breadcrumb":{"@id":"https:\/\/www.voxibot.ai\/es\/nuestros-callbots\/#breadcrumb"},"inLanguage":"es","potentialAction":[{"@type":"ReadAction","target":["https:\/\/www.voxibot.ai\/es\/nuestros-callbots\/"]}]},{"@type":"BreadcrumbList","@id":"https:\/\/www.voxibot.ai\/es\/nuestros-callbots\/#breadcrumb","itemListElement":[{"@type":"ListItem","position":1,"name":"Accueil","item":"https:\/\/www.voxibot.ai\/es\/"},{"@type":"ListItem","position":2,"name":"Nuestros callbots"}]},{"@type":"WebSite","@id":"https:\/\/www.voxibot.ai\/es\/#website","url":"https:\/\/www.voxibot.ai\/es\/","name":"Voxibot","description":"L&#039;alli\u00e9 vocal de votre service clien tau t\u00e9l\u00e9phone","publisher":{"@id":"https:\/\/www.voxibot.ai\/es\/#organization"},"potentialAction":[{"@type":"SearchAction","target":{"@type":"EntryPoint","urlTemplate":"https:\/\/www.voxibot.ai\/es\/?s={search_term_string}"},"query-input":{"@type":"PropertyValueSpecification","valueRequired":true,"valueName":"search_term_string"}}],"inLanguage":"es"},{"@type":"Organization","@id":"https:\/\/www.voxibot.ai\/es\/#organization","name":"Voxibot","url":"https:\/\/www.voxibot.ai\/es\/","logo":{"@type":"ImageObject","inLanguage":"es","@id":"https:\/\/www.voxibot.ai\/es\/#\/schema\/logo\/image\/","url":"https:\/\/www.voxibot.ai\/wp-content\/uploads\/2024\/03\/Voxibot.png","contentUrl":"https:\/\/www.voxibot.ai\/wp-content\/uploads\/2024\/03\/Voxibot.png","width":2646,"height":788,"caption":"Voxibot"},"image":{"@id":"https:\/\/www.voxibot.ai\/es\/#\/schema\/logo\/image\/"},"sameAs":["https:\/\/www.linkedin.com\/showcase\/voxibot\/"]}]}},"_links":{"self":[{"href":"https:\/\/www.voxibot.ai\/es\/wp-json\/wp\/v2\/pages\/2567","targetHints":{"allow":["GET"]}}],"collection":[{"href":"https:\/\/www.voxibot.ai\/es\/wp-json\/wp\/v2\/pages"}],"about":[{"href":"https:\/\/www.voxibot.ai\/es\/wp-json\/wp\/v2\/types\/page"}],"author":[{"embeddable":true,"href":"https:\/\/www.voxibot.ai\/es\/wp-json\/wp\/v2\/users\/2"}],"replies":[{"embeddable":true,"href":"https:\/\/www.voxibot.ai\/es\/wp-json\/wp\/v2\/comments?post=2567"}],"version-history":[{"count":4,"href":"https:\/\/www.voxibot.ai\/es\/wp-json\/wp\/v2\/pages\/2567\/revisions"}],"predecessor-version":[{"id":2808,"href":"https:\/\/www.voxibot.ai\/es\/wp-json\/wp\/v2\/pages\/2567\/revisions\/2808"}],"wp:attachment":[{"href":"https:\/\/www.voxibot.ai\/es\/wp-json\/wp\/v2\/media?parent=2567"}],"curies":[{"name":"wp","href":"https:\/\/api.w.org\/{rel}","templated":true}]}}